{"id":8058,"date":"2026-03-05T16:06:06","date_gmt":"2026-03-05T19:06:06","guid":{"rendered":"https:\/\/isfd42-bue.infd.edu.ar\/sitio\/?page_id=8058"},"modified":"2026-03-05T16:32:13","modified_gmt":"2026-03-05T19:32:13","slug":"ayudantias-de-catedra-2026","status":"publish","type":"page","link":"https:\/\/isfd42-bue.infd.edu.ar\/sitio\/ayudantias-de-catedra-2026\/","title":{"rendered":"Ayudant\u00edas de c\u00e1tedra 2026"},"content":{"rendered":"\n<h2 class=\"wp-block-heading\">Para conocer las convocatorias y el procedimiento de inscripci\u00f3n, hac\u00e9 click <a href=\"https:\/\/drive.google.com\/file\/d\/1d7EyTWFQ8XswfBbV06DLwXAwaL7qkzaw\/view?usp=sharing\" target=\"_blank\" rel=\"noreferrer noopener\">AQU\u00cd<\/a><\/h2>\n\n\n<p><iframe loading=\"lazy\" src=\"https:\/\/drive.google.com\/file\/d\/1d7EyTWFQ8XswfBbV06DLwXAwaL7qkzaw\/preview\" width=\"640\" height=\"480\"><\/iframe><\/p>\n","protected":false},"excerpt":{"rendered":"<p>Para conocer las convocatorias y el procedimiento de inscripci\u00f3n, hac\u00e9 click AQU\u00cd<\/p>\n","protected":false},"author":3313,"featured_media":0,"parent":0,"menu_order":0,"comment_status":"closed","ping_status":"closed","template":"","meta":[],"acf":[],"_links":{"self":[{"href":"https:\/\/isfd42-bue.infd.edu.ar\/sitio\/wp-json\/wp\/v2\/pages\/8058"}],"collection":[{"href":"https:\/\/isfd42-bue.infd.edu.ar\/sitio\/wp-json\/wp\/v2\/pages"}],"about":[{"href":"https:\/\/isfd42-bue.infd.edu.ar\/sitio\/wp-json\/wp\/v2\/types\/page"}],"author":[{"embeddable":true,"href":"https:\/\/isfd42-bue.infd.edu.ar\/sitio\/wp-json\/wp\/v2\/users\/3313"}],"replies":[{"embeddable":true,"href":"https:\/\/isfd42-bue.infd.edu.ar\/sitio\/wp-json\/wp\/v2\/comments?post=8058"}],"version-history":[{"count":3,"href":"https:\/\/isfd42-bue.infd.edu.ar\/sitio\/wp-json\/wp\/v2\/pages\/8058\/revisions"}],"predecessor-version":[{"id":8068,"href":"https:\/\/isfd42-bue.infd.edu.ar\/sitio\/wp-json\/wp\/v2\/pages\/8058\/revisions\/8068"}],"wp:attachment":[{"href":"https:\/\/isfd42-bue.infd.edu.ar\/sitio\/wp-json\/wp\/v2\/media?parent=8058"}],"curies":[{"name":"wp","href":"https:\/\/api.w.org\/{rel}","templated":true}]}}