{"id":7830,"date":"2025-07-11T08:58:51","date_gmt":"2025-07-11T11:58:51","guid":{"rendered":"https:\/\/isfd42-bue.infd.edu.ar\/sitio\/?page_id=7830"},"modified":"2025-07-11T11:35:54","modified_gmt":"2025-07-11T14:35:54","slug":"mesa-de-ayuda-2","status":"publish","type":"page","link":"https:\/\/isfd42-bue.infd.edu.ar\/sitio\/mesa-de-ayuda-2\/","title":{"rendered":"Mesa de ayuda"},"content":{"rendered":"\n<h2 class=\"wp-block-heading\">\u00bfCu\u00e1ndo son los finales de agosto?<\/h2>\n\n\n\n<ul>\n<li>Del 04\/08\/2025 al 15\/08\/2025<\/li>\n<\/ul>\n\n\n\n<h2 class=\"wp-block-heading\">Estudiantes que promocionaron<\/h2>\n\n\n\n<ul>\n<li><strong>NO deben inscribirse v\u00eda SADIS<\/strong> ni es necesario que asistan el d\u00eda de la mesa de examen.<\/li>\n\n\n\n<li>Si quieren la calificaci\u00f3n firmada en la libreta por su docente, S\u00cd deben concurrir<strong>\u00a0en esta \u00fanica oportunidad<\/strong>.<\/li>\n\n\n\n<li>Si a\u00fan no poseen libreta, deben contactar a&nbsp;<a href=\"https:\/\/sites.google.com\/view\/coope-instituto42\/contacto?authuser=0\" target=\"_blank\" rel=\"noreferrer noopener\">Cooperadora<\/a><\/li>\n<\/ul>\n\n\n\n<h2 class=\"wp-block-heading\">Estudiantes regulares (deben rendir examen final)<\/h2>\n\n\n\n<ul>\n<li>Se inscriben v\u00eda&nbsp;<a rel=\"noreferrer noopener\" href=\"http:\/\/168.226.217.212:9090\/alumnos\/\" target=\"_blank\"><strong>SADIS<\/strong>&nbsp;<\/a>a partir del lunes 21\/07\/202 hasta 48 hs h\u00e1biles antes de la fecha de la mesa de examen<\/li>\n\n\n\n<li>Las mesas son a las 08:00, a las 13:00 \u00f3 a las 18:00 seg\u00fan el turno en el que curses.<\/li>\n<\/ul>\n\n\n\n<h2 class=\"wp-block-heading\">Estudiantes libres<\/h2>\n\n\n\n<ul>\n<li>Se inscriben v\u00eda&nbsp;<a rel=\"noreferrer noopener\" href=\"https:\/\/docs.google.com\/forms\/d\/e\/1FAIpQLSfX5EYvOUaQE1zDJuOi2Cvdf8bbgs52Ktl5PPzG25FwMpxVvw\/viewform\" target=\"_blank\"><strong>Formulario Mesa de Ayuda<\/strong><\/a>&nbsp;a partir del lunes 21\/07\/2025 hasta 48 hs h\u00e1biles antes de la mesa de examen<\/li>\n\n\n\n<li>El examen escrito se desarrolla el d\u00eda de la mesa de examen. El examen oral tiene lugar en una fecha posterior.<\/li>\n<\/ul>\n\n\n\n<p><\/p>\n\n\n\n<h2 class=\"wp-block-heading\">\u00bfQu\u00e9 pasa si promocion\u00e9 y no me firman la Libreta?<\/h2>\n\n\n\n<ul>\n<li>La calificaci\u00f3n final queda registrada de todos modos en el sistema SADIS. Si quer\u00e9s, pod\u00e9s pasar por Preceptor\u00eda con posterioridad a las mesas de ex\u00e1menes para registrar el Libro y Folio del Acta.<\/li>\n<\/ul>\n\n\n\n<h2 class=\"wp-block-heading\">\u00bfC\u00f3mo ingreso a SADIS?<\/h2>\n\n\n\n<ul>\n<li>Si olvidaste c\u00f3mo ingresar a SADIS, hac\u00e9 click <a rel=\"noreferrer noopener\" href=\"https:\/\/drive.google.com\/file\/d\/1tNUiQxNVKnWMJNGX44fs3XOnxUlttjpa\/view\" target=\"_blank\"><strong>AQU\u00cd<\/strong> <\/a><\/li>\n<\/ul>\n\n\n\n<h2 class=\"wp-block-heading\">\u00bfD\u00f3nde me inscribo si quiero presentarme como Libre?<\/h2>\n\n\n\n<ul>\n<li>Si quer\u00e9s presentarte en condici\u00f3n de Libre, hac\u00e9 click <a rel=\"noreferrer noopener\" href=\"https:\/\/docs.google.com\/forms\/d\/e\/1FAIpQLSfX5EYvOUaQE1zDJuOi2Cvdf8bbgs52Ktl5PPzG25FwMpxVvw\/viewform\" target=\"_blank\"><strong>AQU\u00cd<\/strong><\/a> y complet\u00e1 el formulario<\/li>\n<\/ul>\n\n\n\n<h2 class=\"wp-block-heading\">\u00bfC\u00f3mo accedo a la Mesa de ayuda?<\/h2>\n\n\n\n<ul>\n<li>SI ten\u00e9s dificultades para inscribirte a los finales, hac\u00e9 click en la imagen y complet\u00e1 el formulario. Por favor, evitar reiterar los reclamos. A medida que se resuelvan, se ir\u00e1n respondiendo al correo electr\u00f3nico indicado como dato.<\/li>\n<\/ul>\n\n\n\n<figure class=\"wp-block-image size-full is-resized\"><a href=\"https:\/\/docs.google.com\/forms\/d\/e\/1FAIpQLSfX5EYvOUaQE1zDJuOi2Cvdf8bbgs52Ktl5PPzG25FwMpxVvw\/viewform\" target=\"_blank\" rel=\"noreferrer noopener\"><img decoding=\"async\" loading=\"lazy\" src=\"https:\/\/isfd42-bue.infd.edu.ar\/sitio\/wp-content\/uploads\/2021\/11\/RECLAMOS.jpg\" alt=\"\" class=\"wp-image-5952\" width=\"992\" height=\"703\" srcset=\"https:\/\/isfd42-bue.infd.edu.ar\/sitio\/wp-content\/uploads\/2021\/11\/RECLAMOS.jpg 1748w, https:\/\/isfd42-bue.infd.edu.ar\/sitio\/wp-content\/uploads\/2021\/11\/RECLAMOS-1000x709.jpg 1000w, https:\/\/isfd42-bue.infd.edu.ar\/sitio\/wp-content\/uploads\/2021\/11\/RECLAMOS-768x545.jpg 768w, https:\/\/isfd42-bue.infd.edu.ar\/sitio\/wp-content\/uploads\/2021\/11\/RECLAMOS-1536x1090.jpg 1536w\" sizes=\"(max-width: 992px) 100vw, 992px\" \/><\/a><\/figure>\n","protected":false},"excerpt":{"rendered":"<p>\u00bfCu\u00e1ndo son los finales de agosto? Estudiantes que promocionaron Estudiantes regulares (deben rendir examen final) Estudiantes libres \u00bfQu\u00e9 pasa si promocion\u00e9 y no me firman la Libreta? \u00bfC\u00f3mo ingreso a SADIS? \u00bfD\u00f3nde me inscribo si quiero presentarme como Libre? \u00bfC\u00f3mo accedo a la Mesa de ayuda?<\/p>\n","protected":false},"author":3313,"featured_media":0,"parent":0,"menu_order":0,"comment_status":"closed","ping_status":"closed","template":"","meta":[],"acf":[],"_links":{"self":[{"href":"https:\/\/isfd42-bue.infd.edu.ar\/sitio\/wp-json\/wp\/v2\/pages\/7830"}],"collection":[{"href":"https:\/\/isfd42-bue.infd.edu.ar\/sitio\/wp-json\/wp\/v2\/pages"}],"about":[{"href":"https:\/\/isfd42-bue.infd.edu.ar\/sitio\/wp-json\/wp\/v2\/types\/page"}],"author":[{"embeddable":true,"href":"https:\/\/isfd42-bue.infd.edu.ar\/sitio\/wp-json\/wp\/v2\/users\/3313"}],"replies":[{"embeddable":true,"href":"https:\/\/isfd42-bue.infd.edu.ar\/sitio\/wp-json\/wp\/v2\/comments?post=7830"}],"version-history":[{"count":5,"href":"https:\/\/isfd42-bue.infd.edu.ar\/sitio\/wp-json\/wp\/v2\/pages\/7830\/revisions"}],"predecessor-version":[{"id":7847,"href":"https:\/\/isfd42-bue.infd.edu.ar\/sitio\/wp-json\/wp\/v2\/pages\/7830\/revisions\/7847"}],"wp:attachment":[{"href":"https:\/\/isfd42-bue.infd.edu.ar\/sitio\/wp-json\/wp\/v2\/media?parent=7830"}],"curies":[{"name":"wp","href":"https:\/\/api.w.org\/{rel}","templated":true}]}}