{"id":7792,"date":"2025-06-07T11:27:09","date_gmt":"2025-06-07T14:27:09","guid":{"rendered":"https:\/\/isfd42-bue.infd.edu.ar\/sitio\/?page_id=7792"},"modified":"2025-06-07T11:27:11","modified_gmt":"2025-06-07T14:27:11","slug":"horario-1-ano","status":"publish","type":"page","link":"https:\/\/isfd42-bue.infd.edu.ar\/sitio\/horario-1-ano\/","title":{"rendered":"Horario 1\u00b0 a\u00f1o"},"content":{"rendered":"\n<h2 class=\"wp-block-heading\">Para ver el horario de 1\u00b0 a\u00f1o, hac\u00e9 click <a href=\"https:\/\/docs.google.com\/spreadsheets\/d\/1H0l0THIyDeMIyVN9AKzBB4mtUusfUhL-\/edit?usp=sharing&amp;ouid=111145838983569461018&amp;rtpof=true&amp;sd=true\" target=\"_blank\" rel=\"noreferrer noopener\">AQU\u00cd <\/a><\/h2>\n","protected":false},"excerpt":{"rendered":"<p>Para ver el horario de 1\u00b0 a\u00f1o, hac\u00e9 click AQU\u00cd<\/p>\n","protected":false},"author":3313,"featured_media":0,"parent":0,"menu_order":0,"comment_status":"closed","ping_status":"closed","template":"","meta":[],"acf":[],"_links":{"self":[{"href":"https:\/\/isfd42-bue.infd.edu.ar\/sitio\/wp-json\/wp\/v2\/pages\/7792"}],"collection":[{"href":"https:\/\/isfd42-bue.infd.edu.ar\/sitio\/wp-json\/wp\/v2\/pages"}],"about":[{"href":"https:\/\/isfd42-bue.infd.edu.ar\/sitio\/wp-json\/wp\/v2\/types\/page"}],"author":[{"embeddable":true,"href":"https:\/\/isfd42-bue.infd.edu.ar\/sitio\/wp-json\/wp\/v2\/users\/3313"}],"replies":[{"embeddable":true,"href":"https:\/\/isfd42-bue.infd.edu.ar\/sitio\/wp-json\/wp\/v2\/comments?post=7792"}],"version-history":[{"count":1,"href":"https:\/\/isfd42-bue.infd.edu.ar\/sitio\/wp-json\/wp\/v2\/pages\/7792\/revisions"}],"predecessor-version":[{"id":7793,"href":"https:\/\/isfd42-bue.infd.edu.ar\/sitio\/wp-json\/wp\/v2\/pages\/7792\/revisions\/7793"}],"wp:attachment":[{"href":"https:\/\/isfd42-bue.infd.edu.ar\/sitio\/wp-json\/wp\/v2\/media?parent=7792"}],"curies":[{"name":"wp","href":"https:\/\/api.w.org\/{rel}","templated":true}]}}