{"id":7689,"date":"2025-03-14T09:35:42","date_gmt":"2025-03-14T12:35:42","guid":{"rendered":"https:\/\/isfd42-bue.infd.edu.ar\/sitio\/?page_id=7689"},"modified":"2025-03-14T09:37:18","modified_gmt":"2025-03-14T12:37:18","slug":"solicitud-de-vacante","status":"publish","type":"page","link":"https:\/\/isfd42-bue.infd.edu.ar\/sitio\/solicitud-de-vacante\/","title":{"rendered":"Solicitud de vacante"},"content":{"rendered":"\n<p>Solicitar <strong>vacante<\/strong> <strong>para ser estudiante itinerante en el ISFD N\u00ba 42<\/strong> mediante correo electr\u00f3nico al correo isfdyt42sanmiguel@abc.gob.ar<\/p>\n\n\n\n<p>En el asunto colocar en may\u00fascula las palabras vacante itinerante, el nombre de la carrera y el apellido. Ej: VACANTE ITINERANTE \u2013 HISTORIA \u2013 GUARDIOLA. En el cuerpo del mail aclarar para qu\u00e9 espacio curricular y a\u00f1o de cursada se solicita la vacante. Tambi\u00e9n deber\u00e1 adjuntar en un \u00fanico archivo pdf la siguiente documentaci\u00f3n:<\/p>\n\n\n\n<p>\u2022&nbsp;&nbsp;&nbsp;&nbsp;&nbsp;&nbsp;&nbsp;&nbsp;&nbsp;&nbsp;&nbsp;&nbsp;<a href=\"https:\/\/drive.google.com\/file\/d\/1RBUbmxnbpO0n8bZN5FAThtN4EInnNNXZ\/view?usp=sharing\" target=\"_blank\" rel=\"noreferrer noopener\"> Formulario A<\/a> completo<\/p>\n\n\n\n<p>\u2022&nbsp;&nbsp;&nbsp;&nbsp;&nbsp;&nbsp;&nbsp;&nbsp;&nbsp;&nbsp;&nbsp;&nbsp; Anal\u00edtico parcial actualizado<\/p>\n\n\n\n<p>La confirmaci\u00f3n de la vacante como estudiante itinerante estar\u00e1 supeditada al tama\u00f1o de los grupos y las condiciones de infraestructura.<\/p>\n\n\n\n<p>Se solicita completar el pedido y esperar respuesta por este medio.<\/p>\n","protected":false},"excerpt":{"rendered":"<p>Solicitar vacante para ser estudiante itinerante en el ISFD N\u00ba 42 mediante correo electr\u00f3nico al correo isfdyt42sanmiguel@abc.gob.ar En el asunto colocar en may\u00fascula las palabras vacante itinerante, el nombre de la carrera y el apellido. Ej: VACANTE ITINERANTE \u2013 HISTORIA \u2013 GUARDIOLA. En el cuerpo del mail aclarar para qu\u00e9 espacio curricular y a\u00f1o de &#8230; <a title=\"Solicitud de vacante\" class=\"read-more\" href=\"https:\/\/isfd42-bue.infd.edu.ar\/sitio\/solicitud-de-vacante\/\" aria-label=\"More on Solicitud de vacante\">[+]<\/a><\/p>\n","protected":false},"author":3313,"featured_media":0,"parent":0,"menu_order":0,"comment_status":"closed","ping_status":"closed","template":"","meta":[],"acf":[],"_links":{"self":[{"href":"https:\/\/isfd42-bue.infd.edu.ar\/sitio\/wp-json\/wp\/v2\/pages\/7689"}],"collection":[{"href":"https:\/\/isfd42-bue.infd.edu.ar\/sitio\/wp-json\/wp\/v2\/pages"}],"about":[{"href":"https:\/\/isfd42-bue.infd.edu.ar\/sitio\/wp-json\/wp\/v2\/types\/page"}],"author":[{"embeddable":true,"href":"https:\/\/isfd42-bue.infd.edu.ar\/sitio\/wp-json\/wp\/v2\/users\/3313"}],"replies":[{"embeddable":true,"href":"https:\/\/isfd42-bue.infd.edu.ar\/sitio\/wp-json\/wp\/v2\/comments?post=7689"}],"version-history":[{"count":3,"href":"https:\/\/isfd42-bue.infd.edu.ar\/sitio\/wp-json\/wp\/v2\/pages\/7689\/revisions"}],"predecessor-version":[{"id":7692,"href":"https:\/\/isfd42-bue.infd.edu.ar\/sitio\/wp-json\/wp\/v2\/pages\/7689\/revisions\/7692"}],"wp:attachment":[{"href":"https:\/\/isfd42-bue.infd.edu.ar\/sitio\/wp-json\/wp\/v2\/media?parent=7689"}],"curies":[{"name":"wp","href":"https:\/\/api.w.org\/{rel}","templated":true}]}}