{"id":7676,"date":"2025-03-14T08:20:43","date_gmt":"2025-03-14T11:20:43","guid":{"rendered":"https:\/\/isfd42-bue.infd.edu.ar\/sitio\/?page_id=7676"},"modified":"2025-10-24T07:52:18","modified_gmt":"2025-10-24T10:52:18","slug":"regimen-academico-marco","status":"publish","type":"page","link":"https:\/\/isfd42-bue.infd.edu.ar\/sitio\/regimen-academico-marco\/","title":{"rendered":"R\u00e9gimen Acad\u00e9mico Marco y R\u00e9gimen Acad\u00e9mico Institucional"},"content":{"rendered":"","protected":false},"excerpt":{"rendered":"","protected":false},"author":3313,"featured_media":0,"parent":0,"menu_order":0,"comment_status":"closed","ping_status":"closed","template":"","meta":[],"acf":[],"_links":{"self":[{"href":"https:\/\/isfd42-bue.infd.edu.ar\/sitio\/wp-json\/wp\/v2\/pages\/7676"}],"collection":[{"href":"https:\/\/isfd42-bue.infd.edu.ar\/sitio\/wp-json\/wp\/v2\/pages"}],"about":[{"href":"https:\/\/isfd42-bue.infd.edu.ar\/sitio\/wp-json\/wp\/v2\/types\/page"}],"author":[{"embeddable":true,"href":"https:\/\/isfd42-bue.infd.edu.ar\/sitio\/wp-json\/wp\/v2\/users\/3313"}],"replies":[{"embeddable":true,"href":"https:\/\/isfd42-bue.infd.edu.ar\/sitio\/wp-json\/wp\/v2\/comments?post=7676"}],"version-history":[{"count":2,"href":"https:\/\/isfd42-bue.infd.edu.ar\/sitio\/wp-json\/wp\/v2\/pages\/7676\/revisions"}],"predecessor-version":[{"id":7883,"href":"https:\/\/isfd42-bue.infd.edu.ar\/sitio\/wp-json\/wp\/v2\/pages\/7676\/revisions\/7883"}],"wp:attachment":[{"href":"https:\/\/isfd42-bue.infd.edu.ar\/sitio\/wp-json\/wp\/v2\/media?parent=7676"}],"curies":[{"name":"wp","href":"https:\/\/api.w.org\/{rel}","templated":true}]}}