{"id":6864,"date":"2023-08-12T16:13:37","date_gmt":"2023-08-12T19:13:37","guid":{"rendered":"https:\/\/isfd42-bue.infd.edu.ar\/sitio\/?page_id=6864"},"modified":"2025-06-09T15:46:35","modified_gmt":"2025-06-09T18:46:35","slug":"inscripcion-2","status":"publish","type":"page","link":"https:\/\/isfd42-bue.infd.edu.ar\/sitio\/inscripcion-2\/","title":{"rendered":"Inscripci\u00f3n 2025"},"content":{"rendered":"\n<p><\/p>\n\n\n\n<h2 class=\"wp-block-heading\"><strong>Inscripci\u00f3n Ingresantes Tramo de Formaci\u00f3n Pedag\u00f3gica Res. N\u00b0 2076\/24<\/strong><\/h2>\n\n\n\n<p>Primer a\u00f1o del Tramo Pedag\u00f3gico comienza en el segundo cuatrimestre 2025<\/p>\n\n\n\n<h2 class=\"wp-block-heading\">Condiciones de ingreso<\/h2>\n\n\n\n<p>Podr\u00e1n inscribirse para cursar este tramo:<\/p>\n\n\n\n<p>&#8211; Quienes posean <strong>t\u00edtulo de educaci\u00f3n superior<\/strong> o <strong>secundario t\u00e9cnico<\/strong> y que se est\u00e9n desempe\u00f1ando en el sistema educativo jurisdiccional.<\/p>\n\n\n\n<p>&#8211; Quienes posean <strong>t\u00edtulo de educaci\u00f3n superior<\/strong> o <strong>secundario t\u00e9cnico<\/strong> y que se hayan <strong>desempe\u00f1ado al menos un ciclo lectivo <\/strong>en el sistema educativo jurisdiccional <strong>en los \u00faltimos 5 a\u00f1os<\/strong>.<\/p>\n\n\n\n<p>.<\/p>\n\n\n\n<h2 class=\"wp-block-heading\">Procedimiento de Inscripci\u00f3n<\/h2>\n\n\n\n<p>Para acceder al procedimiento de inscripci\u00f3n, hac\u00e9 click <a href=\"https:\/\/drive.google.com\/file\/d\/1uHbk7McIF7acUBBcJuYD0iPVeSlLqGNI\/view?usp=sharing\" target=\"_blank\" rel=\"noreferrer noopener\"><strong>AQU\u00cd<\/strong> <\/a><\/p>\n\n\n\n<p>Si quer\u00e9s descargar el procedimiento: <\/p>\n\n\n\n<div class=\"wp-block-file\"><object class=\"wp-block-file__embed\" data=\"https:\/\/isfd42-bue.infd.edu.ar\/sitio\/wp-content\/uploads\/2025\/06\/Inscripcion-tramo-1\u00b0-ano-2025-2026.pdf\" type=\"application\/pdf\" style=\"width:100%;height:600px\" aria-label=\"Incrustado de Inscripcion-tramo-1\u00b0-ano-2025-2026.\"><\/object><a id=\"wp-block-file--media-4233635e-147a-446b-8f97-42b87b5bd42a\" href=\"https:\/\/isfd42-bue.infd.edu.ar\/sitio\/wp-content\/uploads\/2025\/06\/Inscripcion-tramo-1\u00b0-ano-2025-2026.pdf\">Inscripcion-tramo-1\u00b0-ano-2025-2026<\/a><a href=\"https:\/\/isfd42-bue.infd.edu.ar\/sitio\/wp-content\/uploads\/2025\/06\/Inscripcion-tramo-1\u00b0-ano-2025-2026.pdf\" class=\"wp-block-file__button wp-element-button\" download aria-describedby=\"wp-block-file--media-4233635e-147a-446b-8f97-42b87b5bd42a\">Descarga<\/a><\/div>\n","protected":false},"excerpt":{"rendered":"<p>Inscripci\u00f3n Ingresantes Tramo de Formaci\u00f3n Pedag\u00f3gica Res. N\u00b0 2076\/24 Primer a\u00f1o del Tramo Pedag\u00f3gico comienza en el segundo cuatrimestre 2025 Condiciones de ingreso Podr\u00e1n inscribirse para cursar este tramo: &#8211; Quienes posean t\u00edtulo de educaci\u00f3n superior o secundario t\u00e9cnico y que se est\u00e9n desempe\u00f1ando en el sistema educativo jurisdiccional. &#8211; Quienes posean t\u00edtulo de educaci\u00f3n &#8230; <a title=\"Inscripci\u00f3n 2025\" class=\"read-more\" href=\"https:\/\/isfd42-bue.infd.edu.ar\/sitio\/inscripcion-2\/\" aria-label=\"More on Inscripci\u00f3n 2025\">[+]<\/a><\/p>\n","protected":false},"author":427,"featured_media":0,"parent":0,"menu_order":0,"comment_status":"closed","ping_status":"closed","template":"","meta":[],"acf":[],"_links":{"self":[{"href":"https:\/\/isfd42-bue.infd.edu.ar\/sitio\/wp-json\/wp\/v2\/pages\/6864"}],"collection":[{"href":"https:\/\/isfd42-bue.infd.edu.ar\/sitio\/wp-json\/wp\/v2\/pages"}],"about":[{"href":"https:\/\/isfd42-bue.infd.edu.ar\/sitio\/wp-json\/wp\/v2\/types\/page"}],"author":[{"embeddable":true,"href":"https:\/\/isfd42-bue.infd.edu.ar\/sitio\/wp-json\/wp\/v2\/users\/427"}],"replies":[{"embeddable":true,"href":"https:\/\/isfd42-bue.infd.edu.ar\/sitio\/wp-json\/wp\/v2\/comments?post=6864"}],"version-history":[{"count":4,"href":"https:\/\/isfd42-bue.infd.edu.ar\/sitio\/wp-json\/wp\/v2\/pages\/6864\/revisions"}],"predecessor-version":[{"id":7798,"href":"https:\/\/isfd42-bue.infd.edu.ar\/sitio\/wp-json\/wp\/v2\/pages\/6864\/revisions\/7798"}],"wp:attachment":[{"href":"https:\/\/isfd42-bue.infd.edu.ar\/sitio\/wp-json\/wp\/v2\/media?parent=6864"}],"curies":[{"name":"wp","href":"https:\/\/api.w.org\/{rel}","templated":true}]}}