{"id":6760,"date":"2023-05-06T15:56:26","date_gmt":"2023-05-06T18:56:26","guid":{"rendered":"https:\/\/isfd42-bue.infd.edu.ar\/sitio\/?page_id=6760"},"modified":"2023-09-20T18:15:30","modified_gmt":"2023-09-20T21:15:30","slug":"actividades-academicas","status":"publish","type":"page","link":"https:\/\/isfd42-bue.infd.edu.ar\/sitio\/actividades-academicas\/","title":{"rendered":"Actividades acad\u00e9micas segundo cuatrimestre 2023"},"content":{"rendered":"\n<p><\/p>\n\n\n\n<p><strong>CRONOGRAMA DE ACTIVIDADES ACAD\u00c9MICAS<\/strong><\/p>\n\n\n\n<p><strong>&nbsp;2\u00ba CUATRIMESTRE 2023<\/strong><\/p>\n\n\n\n<figure class=\"wp-block-table\"><table><tbody><tr><td><strong>FECHA<\/strong><\/td><td><strong>ACTIVIDAD<\/strong><\/td><\/tr><tr><td>14\/08<\/td><td>-Comienzo del Segundo Cuatrimestre<\/td><\/tr><tr><td>25\/09\/ al 28\/09<\/td><td>-Inscripci\u00f3n a finales materias de <strong>4 a\u00f1o de todas las carreras<\/strong> -Inscripci\u00f3n a finales materias <strong>3\u00ba a\u00f1o Ingles, Plan viejo<\/strong><\/td><\/tr><tr><td>02\/10 al 06\/10<\/td><td>-Ex\u00e1menes de \u00faltima(s) materia(s) 4 a\u00f1o todas las carreras y 3 a\u00f1o de Ingles, Plan Viejo<\/td><\/tr><tr><td>17\/11<\/td><td>-Fin del Segundo Cuatrimestre. -Fecha l\u00edmite para cargar notas en SADIS con recuperatorios incluidos.<\/td><\/tr><tr><td>20\/11<\/td><td>-Comienzo de inscripci\u00f3n a ex\u00e1menes finales para los dos llamados del turno Noviembre\/Diciembre 2023<\/td><\/tr><tr><td>20\/11 al 23\/11<\/td><td>-Inscripci\u00f3n a ex\u00e1menes finales para los dos llamados del turno&nbsp; noviembre\/diciembre para planes viejos de Ingl\u00e9s Matem\u00e1tica y Lengua.<\/td><\/tr><tr><td>27\/11 al 22\/12<\/td><td>-Per\u00edodo de Ex\u00e1menes Finales<\/td><\/tr><tr><td>26\/12 al 29\/12<\/td><td>-Mesas de Examen reprogramadas<\/td><\/tr><tr><td>05\/02\/2024<\/td><td>-Comienzo de inscripci\u00f3n a ex\u00e1menes finales para los dos llamados del turno Febrero\/Marzo 2024<\/td><\/tr><tr><td>05\/02\/2024 al 09\/02\/2024<\/td><td>-Inscripci\u00f3n a ex\u00e1menes finales para los dos llamados del turno Febrero\/Marzo 2024 para planes viejos de Ingl\u00e9s Matem\u00e1tica y Lengua.<\/td><\/tr><\/tbody><\/table><\/figure>\n","protected":false},"excerpt":{"rendered":"<p>CRONOGRAMA DE ACTIVIDADES ACAD\u00c9MICAS &nbsp;2\u00ba CUATRIMESTRE 2023 FECHA ACTIVIDAD 14\/08 -Comienzo del Segundo Cuatrimestre 25\/09\/ al 28\/09 -Inscripci\u00f3n a finales materias de 4 a\u00f1o de todas las carreras -Inscripci\u00f3n a finales materias 3\u00ba a\u00f1o Ingles, Plan viejo 02\/10 al 06\/10 -Ex\u00e1menes de \u00faltima(s) materia(s) 4 a\u00f1o todas las carreras y 3 a\u00f1o de Ingles, Plan &#8230; <a title=\"Actividades acad\u00e9micas segundo cuatrimestre 2023\" class=\"read-more\" href=\"https:\/\/isfd42-bue.infd.edu.ar\/sitio\/actividades-academicas\/\" aria-label=\"More on Actividades acad\u00e9micas segundo cuatrimestre 2023\">[+]<\/a><\/p>\n","protected":false},"author":427,"featured_media":0,"parent":0,"menu_order":0,"comment_status":"closed","ping_status":"closed","template":"","meta":[],"acf":[],"_links":{"self":[{"href":"https:\/\/isfd42-bue.infd.edu.ar\/sitio\/wp-json\/wp\/v2\/pages\/6760"}],"collection":[{"href":"https:\/\/isfd42-bue.infd.edu.ar\/sitio\/wp-json\/wp\/v2\/pages"}],"about":[{"href":"https:\/\/isfd42-bue.infd.edu.ar\/sitio\/wp-json\/wp\/v2\/types\/page"}],"author":[{"embeddable":true,"href":"https:\/\/isfd42-bue.infd.edu.ar\/sitio\/wp-json\/wp\/v2\/users\/427"}],"replies":[{"embeddable":true,"href":"https:\/\/isfd42-bue.infd.edu.ar\/sitio\/wp-json\/wp\/v2\/comments?post=6760"}],"version-history":[{"count":6,"href":"https:\/\/isfd42-bue.infd.edu.ar\/sitio\/wp-json\/wp\/v2\/pages\/6760\/revisions"}],"predecessor-version":[{"id":6890,"href":"https:\/\/isfd42-bue.infd.edu.ar\/sitio\/wp-json\/wp\/v2\/pages\/6760\/revisions\/6890"}],"wp:attachment":[{"href":"https:\/\/isfd42-bue.infd.edu.ar\/sitio\/wp-json\/wp\/v2\/media?parent=6760"}],"curies":[{"name":"wp","href":"https:\/\/api.w.org\/{rel}","templated":true}]}}