{"id":6743,"date":"2023-05-01T07:54:21","date_gmt":"2023-05-01T10:54:21","guid":{"rendered":"https:\/\/isfd42-bue.infd.edu.ar\/sitio\/?page_id=6743"},"modified":"2023-05-01T08:06:00","modified_gmt":"2023-05-01T11:06:00","slug":"postitulos-2","status":"publish","type":"page","link":"https:\/\/isfd42-bue.infd.edu.ar\/sitio\/postitulos-2\/","title":{"rendered":"POST\u00cdTULOS"},"content":{"rendered":"\n<p class=\"has-medium-font-size\"><a href=\"https:\/\/abc.gob.ar\/secretarias\/areas\/subsecretaria-de-educacion\/educacion-superior\/dir-de-form-doc-permanente\/especializaciones\" target=\"_blank\" rel=\"noreferrer noopener\">Especializaciones docentes 2023<\/a><\/p>\n\n\n\n<p>Las <a href=\"https:\/\/abc.gob.ar\/secretarias\/areas\/subsecretaria-de-educacion\/educacion-superior\/dir-de-form-doc-permanente\/especializaciones\" target=\"_blank\" rel=\"noreferrer noopener\">Especializaciones<\/a> de la Direcci\u00f3n Provincial de Educaci\u00f3n Superior son espacios de reflexi\u00f3n y producci\u00f3n de saberes pedag\u00f3gicos que buscan impulsar la ampliaci\u00f3n de las agendas de la formaci\u00f3n y encarar debates impostergables en estos tiempos desafiantes.<\/p>\n\n\n\n<p>Se dictan a distancia en <a href=\"https:\/\/abc.gob.ar\/secretarias\/sites\/default\/files\/2023-04\/Listado%20de%20institutos.pdf\" target=\"_blank\" rel=\"noreferrer noopener\">Institutos Superiores de Formaci\u00f3n Docente y Formaci\u00f3n Docente y T\u00e9cnica<\/a>. Las cursadas son anuales y combinan m\u00f3dulos dictados en entornos virtuales con trayectos transversales sincr\u00f3nicos.<\/p>\n\n\n\n<p>Para consultas escribir a:\u00a0<strong>postituloseducacionsuperior@abc.gob.ar<\/strong><\/p>\n\n\n\n<p>Las<a href=\"https:\/\/abc.gob.ar\/secretarias\/sites\/default\/files\/2023-04\/Listado%20de%20institutos.pdf\" target=\"_blank\" rel=\"noreferrer noopener\"> inscripciones<\/a> comienzan el 02 de mayo.<\/p>\n\n\n\n<h3 class=\"wp-block-heading\">Especializaciones Docentes de Nivel Superior 2023<\/h3>\n\n\n\n<ul>\n<li><a href=\"https:\/\/abc.gob.ar\/secretarias\/sites\/default\/files\/2021-10\/Especializaci%C3%B3n%20Docente%20de%20Nivel%20Superior%20en%20Educaci%C3%B3n%20Inicial.%20La%20ense%C3%B1anza%20y%20el%20cuidado%20de%20la%20primera%20infancia.pdf\" target=\"_blank\" rel=\"noreferrer noopener\">Educaci\u00f3n Inicial: la ense\u00f1anza y el cuidado de la primera infancia<\/a><\/li>\n\n\n\n<li><a href=\"https:\/\/abc.gob.ar\/secretarias\/sites\/default\/files\/2021-10\/Especializaci%C3%B3n%20docente%20de%20nivel%20Superior%20en%20Ense%C3%B1anza%20con%20im%C3%A1genes.pdf\" target=\"_blank\" rel=\"noreferrer noopener\">Ense\u00f1anza con im\u00e1genes<\/a><\/li>\n\n\n\n<li><a href=\"https:\/\/abc.gob.ar\/secretarias\/sites\/default\/files\/2021-10\/Especializaci%C3%B3n%20Docente%20de%20Nivel%20Superior%20en%20An%C3%A1lisis%20y%20Ense%C3%B1anza%20del%20Mundo%20Contempor%C3%A1neo.pdf\" target=\"_blank\" rel=\"noreferrer noopener\">An\u00e1lisis y ense\u00f1anza del mundo contempor\u00e1neo<\/a><\/li>\n\n\n\n<li><a href=\"https:\/\/abc.gob.ar\/secretarias\/sites\/default\/files\/2021-12\/DPES-Postitulo-EA.pdf\" target=\"_blank\" rel=\"noreferrer noopener\">Educaci\u00f3n ambiental. Nuevas miradas y propuestas transversales para el aula<\/a><\/li>\n\n\n\n<li><a href=\"https:\/\/abc.gob.ar\/secretarias\/sites\/default\/files\/2021-10\/DPES-Postitulo-Cultura-Digital.pdf\" target=\"_blank\" rel=\"noreferrer noopener\">Escuelas y cultura digital<\/a><\/li>\n\n\n\n<li><a href=\"https:\/\/abc.gob.ar\/secretarias\/sites\/default\/files\/2021-12\/DPES-Postiitulo-Identidad-Bonaerense.pdf\" target=\"_blank\" rel=\"noreferrer noopener\">Ense\u00f1anza de la construcci\u00f3n hist\u00f3rica, social y cultural de las identidades bonaerenses\u200b<\/a><\/li>\n\n\n\n<li><a href=\"https:\/\/abc.gob.ar\/secretarias\/sites\/default\/files\/2021-11\/1164-19%20Anexo%201.pdf\" target=\"_blank\" rel=\"noreferrer noopener\">Estudiantes con Alteraci\u00f3n en el Desarrollo y en la Constituci\u00f3n Subjetiva<\/a><\/li>\n<\/ul>\n","protected":false},"excerpt":{"rendered":"<p>Especializaciones docentes 2023 Las Especializaciones de la Direcci\u00f3n Provincial de Educaci\u00f3n Superior son espacios de reflexi\u00f3n y producci\u00f3n de saberes pedag\u00f3gicos que buscan impulsar la ampliaci\u00f3n de las agendas de la formaci\u00f3n y encarar debates impostergables en estos tiempos desafiantes. Se dictan a distancia en Institutos Superiores de Formaci\u00f3n Docente y Formaci\u00f3n Docente y T\u00e9cnica. &#8230; <a title=\"POST\u00cdTULOS\" class=\"read-more\" href=\"https:\/\/isfd42-bue.infd.edu.ar\/sitio\/postitulos-2\/\" aria-label=\"More on POST\u00cdTULOS\">[+]<\/a><\/p>\n","protected":false},"author":427,"featured_media":0,"parent":0,"menu_order":0,"comment_status":"closed","ping_status":"closed","template":"","meta":[],"acf":[],"_links":{"self":[{"href":"https:\/\/isfd42-bue.infd.edu.ar\/sitio\/wp-json\/wp\/v2\/pages\/6743"}],"collection":[{"href":"https:\/\/isfd42-bue.infd.edu.ar\/sitio\/wp-json\/wp\/v2\/pages"}],"about":[{"href":"https:\/\/isfd42-bue.infd.edu.ar\/sitio\/wp-json\/wp\/v2\/types\/page"}],"author":[{"embeddable":true,"href":"https:\/\/isfd42-bue.infd.edu.ar\/sitio\/wp-json\/wp\/v2\/users\/427"}],"replies":[{"embeddable":true,"href":"https:\/\/isfd42-bue.infd.edu.ar\/sitio\/wp-json\/wp\/v2\/comments?post=6743"}],"version-history":[{"count":3,"href":"https:\/\/isfd42-bue.infd.edu.ar\/sitio\/wp-json\/wp\/v2\/pages\/6743\/revisions"}],"predecessor-version":[{"id":6748,"href":"https:\/\/isfd42-bue.infd.edu.ar\/sitio\/wp-json\/wp\/v2\/pages\/6743\/revisions\/6748"}],"wp:attachment":[{"href":"https:\/\/isfd42-bue.infd.edu.ar\/sitio\/wp-json\/wp\/v2\/media?parent=6743"}],"curies":[{"name":"wp","href":"https:\/\/api.w.org\/{rel}","templated":true}]}}