{"id":6270,"date":"2022-06-16T20:34:59","date_gmt":"2022-06-16T23:34:59","guid":{"rendered":"https:\/\/isfd42-bue.infd.edu.ar\/sitio\/?page_id=6270"},"modified":"2024-12-18T10:06:50","modified_gmt":"2024-12-18T13:06:50","slug":"comunicados-institucionales","status":"publish","type":"page","link":"https:\/\/isfd42-bue.infd.edu.ar\/sitio\/comunicados-institucionales\/","title":{"rendered":"Comunicados Institucionales"},"content":{"rendered":"\n<figure class=\"wp-block-table\"><table><tbody><tr><td><strong>Comunicado<\/strong><\/td><td><strong>Fecha<\/strong><\/td><\/tr><tr><td><a href=\"https:\/\/isfd42-bue.infd.edu.ar\/sitio\/wp-content\/uploads\/2022\/06\/RSC-2022-19617410-GDEBA-DGCYEpablo.pdf\" target=\"_blank\" rel=\"noreferrer noopener\">Cancelaci\u00f3n del Asueto del d\u00eda Lunes 27\/06 &#8211; \u00abD\u00eda del Trabajador del Estado\u00bb<\/a><\/td><td>23\/6<\/td><\/tr><tr><td><a href=\"https:\/\/isfd42-bue.infd.edu.ar\/sitio\/wp-content\/uploads\/2022\/06\/Jornada-de-Capacitacion-de-Evaluadores-para-la-Feria-Distrital-del-Programa-ACTE.docx\" target=\"_blank\" rel=\"noreferrer noopener\">Jornada de Capacitaci\u00f3n de Evaluadores para la Feria Distrital del Programa ACTE<\/a><\/td><td>21\/6<\/td><\/tr><tr><td><a href=\"https:\/\/isfd42-bue.infd.edu.ar\/sitio\/wp-content\/uploads\/2022\/06\/Comunicacion-11-22.-Juegos-Sociomotores-y-Deportivos-Escolares.-1ra-Etapa.docx\">Fwd: 327- COMUNICACI\u00d3N N\u00b0 11\/22 \u00abJuegos Sociomotores y Deportivos Escolares. 1ra Etapa\u00bb<\/a><\/td><td>27\/5<\/td><\/tr><tr><td><a href=\"https:\/\/drive.google.com\/drive\/folders\/1AMg33--w2Ow6kxjoqcyKCaGHiAyrZVGx?usp=sharing\" target=\"_blank\" rel=\"noreferrer noopener\">Borradores dise\u00f1os curriculares<\/a><\/td><td>06\/09<\/td><\/tr><tr><td><a href=\"https:\/\/drive.google.com\/file\/d\/1nwT7Rdo3S-CCNHK65iGgHhZpKo6yvHYY\/view?usp=share_link\" target=\"_blank\" rel=\"noreferrer noopener\">Acompa\u00f1amiento de trayectorias de estudiantes de planes anteriores (Ingl\u00e9s, Matem\u00e1tica y Lengua y Literatura)<\/a><\/td><td>17\/10<\/td><\/tr><\/tbody><\/table><\/figure>\n\n\n\n<p><\/p>\n","protected":false},"excerpt":{"rendered":"<p>Comunicado Fecha Cancelaci\u00f3n del Asueto del d\u00eda Lunes 27\/06 &#8211; \u00abD\u00eda del Trabajador del Estado\u00bb 23\/6 Jornada de Capacitaci\u00f3n de Evaluadores para la Feria Distrital del Programa ACTE 21\/6 Fwd: 327- COMUNICACI\u00d3N N\u00b0 11\/22 \u00abJuegos Sociomotores y Deportivos Escolares. 1ra Etapa\u00bb 27\/5 Borradores dise\u00f1os curriculares 06\/09 Acompa\u00f1amiento de trayectorias de estudiantes de planes anteriores (Ingl\u00e9s, &#8230; <a title=\"Comunicados Institucionales\" class=\"read-more\" href=\"https:\/\/isfd42-bue.infd.edu.ar\/sitio\/comunicados-institucionales\/\" aria-label=\"More on Comunicados Institucionales\">[+]<\/a><\/p>\n","protected":false},"author":609,"featured_media":0,"parent":0,"menu_order":0,"comment_status":"closed","ping_status":"closed","template":"","meta":[],"acf":[],"_links":{"self":[{"href":"https:\/\/isfd42-bue.infd.edu.ar\/sitio\/wp-json\/wp\/v2\/pages\/6270"}],"collection":[{"href":"https:\/\/isfd42-bue.infd.edu.ar\/sitio\/wp-json\/wp\/v2\/pages"}],"about":[{"href":"https:\/\/isfd42-bue.infd.edu.ar\/sitio\/wp-json\/wp\/v2\/types\/page"}],"author":[{"embeddable":true,"href":"https:\/\/isfd42-bue.infd.edu.ar\/sitio\/wp-json\/wp\/v2\/users\/609"}],"replies":[{"embeddable":true,"href":"https:\/\/isfd42-bue.infd.edu.ar\/sitio\/wp-json\/wp\/v2\/comments?post=6270"}],"version-history":[{"count":9,"href":"https:\/\/isfd42-bue.infd.edu.ar\/sitio\/wp-json\/wp\/v2\/pages\/6270\/revisions"}],"predecessor-version":[{"id":6528,"href":"https:\/\/isfd42-bue.infd.edu.ar\/sitio\/wp-json\/wp\/v2\/pages\/6270\/revisions\/6528"}],"wp:attachment":[{"href":"https:\/\/isfd42-bue.infd.edu.ar\/sitio\/wp-json\/wp\/v2\/media?parent=6270"}],"curies":[{"name":"wp","href":"https:\/\/api.w.org\/{rel}","templated":true}]}}