{"id":6055,"date":"2021-12-17T11:26:10","date_gmt":"2021-12-17T14:26:10","guid":{"rendered":"https:\/\/isfd42-bue.infd.edu.ar\/sitio\/?page_id=6055"},"modified":"2021-12-17T11:26:11","modified_gmt":"2021-12-17T14:26:11","slug":"procedimiento-de-gestion-del-titulo","status":"publish","type":"page","link":"https:\/\/isfd42-bue.infd.edu.ar\/sitio\/procedimiento-de-gestion-del-titulo\/","title":{"rendered":"Procedimiento de Gesti\u00f3n del T\u00edtulo"},"content":{"rendered":"\n<p>Estimada\/o Egresada\/o:<\/p>\n\n\n\n<p>\u00a1Felicitaciones por haber concluido tus estudios en el ISFDyT N\u00b042!  A continuaci\u00f3n, vamos a guiarte para la tramitaci\u00f3n del t\u00edtulo.<\/p>\n\n\n\n<p>PASO 1<\/p>\n\n\n\n<p>Reunir documentaci\u00f3n: DNI, partida de nacimiento, nombre y fecha de \u00faltima materia acreditada.<\/p>\n\n\n\n<p><\/p>\n\n\n\n<p>PASO 2<\/p>\n\n\n\n<p>Sacar foto del DNI de frente y dorso. Guardar en archivos nombrados como APELLIDO &#8211; DNI &#8211; FRENTE y APELLIDO &#8211; DNI &#8211; DORSO<\/p>\n\n\n\n<p>Sacar foto de la partida de nacimiento. Guardar en archivo nombrado como APELLIDO &#8211; PARTIDA<\/p>\n\n\n\n<p>PASO 3<\/p>\n\n\n\n<p>Completar este <a rel=\"noreferrer noopener\" href=\"https:\/\/docs.google.com\/forms\/d\/e\/1FAIpQLSfMUmTfNZvVT9W3pIrReC0GpHUdTiEK8dMbgWhicABReQH5WA\/viewform\" target=\"_blank\">formulario Google<\/a> <\/p>\n\n\n\n<p><\/p>\n\n\n\n<p>En breve recibir\u00e1s noticias nuestras en el correo electr\u00f3nico declarado.<\/p>\n\n\n\n<p><\/p>\n\n\n\n<p>Cordial saludo<\/p>\n\n\n\n<p>Equipo Directivo ISFDyT N\u00b042<\/p>\n","protected":false},"excerpt":{"rendered":"<p>Estimada\/o Egresada\/o: \u00a1Felicitaciones por haber concluido tus estudios en el ISFDyT N\u00b042! A continuaci\u00f3n, vamos a guiarte para la tramitaci\u00f3n del t\u00edtulo. PASO 1 Reunir documentaci\u00f3n: DNI, partida de nacimiento, nombre y fecha de \u00faltima materia acreditada. PASO 2 Sacar foto del DNI de frente y dorso. Guardar en archivos nombrados como APELLIDO &#8211; DNI &#8230; <a title=\"Procedimiento de Gesti\u00f3n del T\u00edtulo\" class=\"read-more\" href=\"https:\/\/isfd42-bue.infd.edu.ar\/sitio\/procedimiento-de-gestion-del-titulo\/\" aria-label=\"More on Procedimiento de Gesti\u00f3n del T\u00edtulo\">[+]<\/a><\/p>\n","protected":false},"author":427,"featured_media":0,"parent":0,"menu_order":0,"comment_status":"closed","ping_status":"closed","template":"","meta":[],"acf":[],"_links":{"self":[{"href":"https:\/\/isfd42-bue.infd.edu.ar\/sitio\/wp-json\/wp\/v2\/pages\/6055"}],"collection":[{"href":"https:\/\/isfd42-bue.infd.edu.ar\/sitio\/wp-json\/wp\/v2\/pages"}],"about":[{"href":"https:\/\/isfd42-bue.infd.edu.ar\/sitio\/wp-json\/wp\/v2\/types\/page"}],"author":[{"embeddable":true,"href":"https:\/\/isfd42-bue.infd.edu.ar\/sitio\/wp-json\/wp\/v2\/users\/427"}],"replies":[{"embeddable":true,"href":"https:\/\/isfd42-bue.infd.edu.ar\/sitio\/wp-json\/wp\/v2\/comments?post=6055"}],"version-history":[{"count":1,"href":"https:\/\/isfd42-bue.infd.edu.ar\/sitio\/wp-json\/wp\/v2\/pages\/6055\/revisions"}],"predecessor-version":[{"id":6056,"href":"https:\/\/isfd42-bue.infd.edu.ar\/sitio\/wp-json\/wp\/v2\/pages\/6055\/revisions\/6056"}],"wp:attachment":[{"href":"https:\/\/isfd42-bue.infd.edu.ar\/sitio\/wp-json\/wp\/v2\/media?parent=6055"}],"curies":[{"name":"wp","href":"https:\/\/api.w.org\/{rel}","templated":true}]}}