{"id":5382,"date":"2021-04-21T23:14:58","date_gmt":"2021-04-22T02:14:58","guid":{"rendered":"https:\/\/isfd42-bue.infd.edu.ar\/sitio\/?page_id=5382"},"modified":"2026-03-07T17:43:04","modified_gmt":"2026-03-07T20:43:04","slug":"horario3-ano-biologia","status":"publish","type":"page","link":"https:\/\/isfd42-bue.infd.edu.ar\/sitio\/horario3-ano-biologia\/","title":{"rendered":"Horario Prof. de Biolog\u00eda 2026"},"content":{"rendered":"\n<h2 class=\"wp-block-heading\">Hac\u00e9 click <mark style=\"background-color:rgba(0, 0, 0, 0)\" class=\"has-inline-color has-accent-color\"><a href=\"https:\/\/docs.google.com\/spreadsheets\/d\/1GWTyrtUk7UXLgwOl1TET6KYIjFR2pPNu\/edit?usp=sharing&amp;ouid=111145838983569461018&amp;rtpof=true&amp;sd=true\" target=\"_blank\" rel=\"noreferrer noopener\">AC\u00c1<\/a><\/mark> para ver el horario del Profesorado de Biolog\u00eda<\/h2>\n","protected":false},"excerpt":{"rendered":"<p>Hac\u00e9 click AC\u00c1 para ver el horario del Profesorado de Biolog\u00eda<\/p>\n","protected":false},"author":427,"featured_media":0,"parent":0,"menu_order":0,"comment_status":"closed","ping_status":"closed","template":"","meta":[],"acf":[],"_links":{"self":[{"href":"https:\/\/isfd42-bue.infd.edu.ar\/sitio\/wp-json\/wp\/v2\/pages\/5382"}],"collection":[{"href":"https:\/\/isfd42-bue.infd.edu.ar\/sitio\/wp-json\/wp\/v2\/pages"}],"about":[{"href":"https:\/\/isfd42-bue.infd.edu.ar\/sitio\/wp-json\/wp\/v2\/types\/page"}],"author":[{"embeddable":true,"href":"https:\/\/isfd42-bue.infd.edu.ar\/sitio\/wp-json\/wp\/v2\/users\/427"}],"replies":[{"embeddable":true,"href":"https:\/\/isfd42-bue.infd.edu.ar\/sitio\/wp-json\/wp\/v2\/comments?post=5382"}],"version-history":[{"count":15,"href":"https:\/\/isfd42-bue.infd.edu.ar\/sitio\/wp-json\/wp\/v2\/pages\/5382\/revisions"}],"predecessor-version":[{"id":8080,"href":"https:\/\/isfd42-bue.infd.edu.ar\/sitio\/wp-json\/wp\/v2\/pages\/5382\/revisions\/8080"}],"wp:attachment":[{"href":"https:\/\/isfd42-bue.infd.edu.ar\/sitio\/wp-json\/wp\/v2\/media?parent=5382"}],"curies":[{"name":"wp","href":"https:\/\/api.w.org\/{rel}","templated":true}]}}