{"id":5247,"date":"2021-03-20T10:22:30","date_gmt":"2021-03-20T13:22:30","guid":{"rendered":"https:\/\/isfd42-bue.infd.edu.ar\/sitio\/?page_id=5247"},"modified":"2023-09-01T18:53:50","modified_gmt":"2023-09-01T21:53:50","slug":"contacto-2","status":"publish","type":"page","link":"https:\/\/isfd42-bue.infd.edu.ar\/sitio\/contacto-2\/","title":{"rendered":"Contacto"},"content":{"rendered":"\n<p><\/p>\n\n\n\n<figure class=\"wp-block-table\"><table><tbody><tr><td>\n<p>D\u00edaz Lacoste Ma. Paula<\/p>\n<\/td><td>\n<p>&nbsp;<\/p>\n<p>Entrega v\u00eda mail<\/p>\n<\/td><td>\n<p><a href=\"mailto:isfdyt42.fonoaudiologia@gmail.com\">isfdyt42.fonoaudiologia@gmail.com<\/a><\/p>\n<\/td><td>\n<p>TM: Matem\u00e1tica<\/p>\n<p>TV: Todas las carreras<\/p>\n<\/td><\/tr><tr><td>\n<p>Gago Georgina<\/p>\n<\/td><td>\n<p>Entrega v\u00eda Whats app<\/p>\n<\/td><td>\n<p>1141658503<\/p>\n<p>&nbsp;<\/p>\n<\/td><td>\n<p>TM: ingl\u00e9s &#8211; Historia &#8211; Lengua y Literatura<\/p>\n<\/td><\/tr><\/tbody><\/table><\/figure>\n","protected":false},"excerpt":{"rendered":"<p>D\u00edaz Lacoste Ma. Paula &nbsp; Entrega v\u00eda mail isfdyt42.fonoaudiologia@gmail.com TM: Matem\u00e1tica TV: Todas las carreras Gago Georgina Entrega v\u00eda Whats app 1141658503 &nbsp; TM: ingl\u00e9s &#8211; Historia &#8211; Lengua y Literatura<\/p>\n","protected":false},"author":427,"featured_media":0,"parent":0,"menu_order":0,"comment_status":"closed","ping_status":"closed","template":"","meta":[],"acf":[],"_links":{"self":[{"href":"https:\/\/isfd42-bue.infd.edu.ar\/sitio\/wp-json\/wp\/v2\/pages\/5247"}],"collection":[{"href":"https:\/\/isfd42-bue.infd.edu.ar\/sitio\/wp-json\/wp\/v2\/pages"}],"about":[{"href":"https:\/\/isfd42-bue.infd.edu.ar\/sitio\/wp-json\/wp\/v2\/types\/page"}],"author":[{"embeddable":true,"href":"https:\/\/isfd42-bue.infd.edu.ar\/sitio\/wp-json\/wp\/v2\/users\/427"}],"replies":[{"embeddable":true,"href":"https:\/\/isfd42-bue.infd.edu.ar\/sitio\/wp-json\/wp\/v2\/comments?post=5247"}],"version-history":[{"count":3,"href":"https:\/\/isfd42-bue.infd.edu.ar\/sitio\/wp-json\/wp\/v2\/pages\/5247\/revisions"}],"predecessor-version":[{"id":6881,"href":"https:\/\/isfd42-bue.infd.edu.ar\/sitio\/wp-json\/wp\/v2\/pages\/5247\/revisions\/6881"}],"wp:attachment":[{"href":"https:\/\/isfd42-bue.infd.edu.ar\/sitio\/wp-json\/wp\/v2\/media?parent=5247"}],"curies":[{"name":"wp","href":"https:\/\/api.w.org\/{rel}","templated":true}]}}