{"id":5229,"date":"2021-03-17T18:06:43","date_gmt":"2021-03-17T21:06:43","guid":{"rendered":"https:\/\/isfd42-bue.infd.edu.ar\/sitio\/?page_id=5229"},"modified":"2026-04-20T09:54:55","modified_gmt":"2026-04-20T12:54:55","slug":"becas-progresar","status":"publish","type":"page","link":"https:\/\/isfd42-bue.infd.edu.ar\/sitio\/becas-progresar\/","title":{"rendered":"Becas Progresar"},"content":{"rendered":"<table>\n<tbody>\n<tr>\n<td>\n<table style=\"height: 36px;\" width=\"388\">\n<tbody>\n<tr>\n<td style=\"text-align: center;\"><span style=\"color: #3366ff;\"><strong>\u00a0CONVOCATORIA 2026 BECAS PROGRESAR\u00a0<\/strong><\/span><\/td>\n<\/tr>\n<\/tbody>\n<\/table>\n<div><span style=\"color: #0b5394; font-family: georgia, serif;\">Importante para la inscripci\u00f3n:<br \/>&#x2705;es del 06\/4 al 30\/4<br \/>&#x2705; el domicilio declarado en Progresar debe ser el mismo que figura en MI ANSES. Observar que si en MI ANSES figura un domicilio en donde ya no viven y reside un grupo familiar que supera los ingresos de 3 salarios m\u00ednimos, no se adjudicar\u00e1 la beca.<br \/>&#x2705; tener en orden el acceso a MI ARGENTINA<br \/>&#x2705; Tener a mano los 22 n\u00fameros del CBU o CVU de la cuenta que debe estar a nombre del estudiante.(cuenta bancaria o billetera virtual)<\/span><\/div>\n<div><span style=\"color: #0b5394; font-family: georgia, serif;\">\u00a0<\/span><\/div>\n<div><span style=\"color: #0b5394; font-family: georgia, serif;\">Les adjuntamos el\u00a0<b>material de difusi\u00f3n<\/b> del programa creado por la Secretar\u00eda de Educaci\u00f3n.<\/span><\/div>\n<ul>\n<li>\n<div><span style=\"color: #0b5394; font-family: georgia, serif;\"><a href=\"https:\/\/drive.google.com\/drive\/folders\/14chTBMiVhJgOONyqLnGRlZqFgQEU42iA?usp=sharing\" target=\"_blank\" rel=\"noopener\"><strong>Instructivos<\/strong><\/a> de inscripci\u00f3n<\/span><\/div>\n<\/li>\n<\/ul>\n<p dir=\"ltr\"><span style=\"font-family: arial,sans-serif;\">En la plataforma, y en el canal oficial de Youtube del Ministerio de Educaci\u00f3n de la Naci\u00f3n, pueden encontrar instructivos con el paso a paso de la inscripci\u00f3n: <a href=\"https:\/\/www.youtube.com\/watch?v=_8bDWQdMa0Q\" target=\"_blank\" rel=\"noopener noreferrer\" data-saferedirecturl=\"https:\/\/www.google.com\/url?q=https:\/\/www.youtube.com\/watch?v%3D_8bDWQdMa0Q&amp;source=gmail&amp;ust=1677926769592000&amp;usg=AOvVaw0hROye7hz74qD2laTvEByy\">C\u00f3mo inscribirte en Progresar Nivel Superior<\/a><\/span><\/p>\n<p dir=\"ltr\"><span style=\"font-family: arial,sans-serif;\">Adem\u00e1s, la plataforma cuenta con una secci\u00f3n de <strong>preguntas <\/strong><a href=\"https:\/\/www.argentina.gob.ar\/educacion\/progresar\/preguntas-frecuentes-progresar\/educacion-superior-faq\" target=\"_blank\" rel=\"noopener\"><strong>frecuentes<\/strong>&#8216;<\/a> que sirve para resolver dudas o consultas sobre el programa y el proceso de adjudicaci\u00f3n.<\/span><\/p>\n<p dir=\"ltr\"><span style=\"font-family: arial,sans-serif;\">Para restablecer la contrase\u00f1a el\/la estudiante puede\u00a0 seleccionar la opci\u00f3n \u201colvid\u00e9 mi contrase\u00f1a\u201d. En caso de no recordar el correo a trav\u00e9s del cu\u00e1l se cre\u00f3 el usuario, env\u00eden un mail a <span style=\"color: #3366ff;\">cipeinstituto42@gmail.com<\/span><\/span><\/p>\n<p dir=\"ltr\"><span style=\"color: #000000; font-family: arial, sans-serif;\">Es importante recordar que los primeros d\u00edas la p\u00e1gina se satura y\/o no se refleja la oferta completa, solicitamos est\u00e9n atentas\/os para que no realicen inscripciones incorrectas.\u00a0<\/span><\/p>\n<p dir=\"ltr\"><strong>EN CASO DE NO VISUALIZAR LA INSTITUCI\u00d3N O CARRERA AL MOMENTO DE LA INSCRIPCI\u00d3N, ANULAR LA INSCRIPCI\u00d3N REALIZADA Y VOLVER A INGRESAR AL NIVEL SUPERIOR<\/strong>. Al reingresar por segunda vez, la instituci\u00f3n y las carreras se visualizar\u00e1n correctamente.<\/p>\n<p>Si hay estudiantes que <strong>no pueden ingresar a Mi Argentina<\/strong> (sitio al que deriva la plataforma de Progresar para realizar la inscripci\u00f3n), deber\u00e1n acercarse al Punto Digital m\u00e1s cercano. Aqu\u00ed pueden consultar el mapa, deslizar hacia el final y seleccionar la opci\u00f3n \u201cBusc\u00e1 el Punto Digital m\u00e1s cercano a tu domicilio\u201d:<\/p>\n<p><a href=\"https:\/\/www.argentina.gob.ar\/jefatura\/punto-digital\/valida-tu-identidad-en-un-punto-digital\" target=\"_blank\" rel=\"noopener\" data-saferedirecturl=\"https:\/\/www.google.com\/url?q=https:\/\/www.argentina.gob.ar\/jefatura\/punto-digital\/valida-tu-identidad-en-un-punto-digital&amp;source=gmail&amp;ust=1776769895282000&amp;usg=AOvVaw1xKMP9_zZoZcop9MIM4zVy\">https:\/\/www.argentina.gob.ar\/<wbr \/>jefatura\/punto-digital\/valida-<wbr \/>tu-identidad-en-un-punto-<wbr \/>digital<\/a><\/p>\n<p><strong>RECORDATORIO<\/strong><\/p>\n<ul>\n<li>Aunque hayan percibido la beca anteriormente, la\/los estudiantes <strong>deben reinscribirse cada a\u00f1o<\/strong>.<\/li>\n<li>Si las\/os postulantes ya se inscribieron en alguna de las convocatorias anteriores ya tiene usuario y contrase\u00f1a. En caso de no recordarlo escribir a <span style=\"color: #3366ff;\">cipeinstituto42@gmail.com<\/span><\/li>\n<li>El sistema no permite subsanar errores una vez enviado el formulario de inscripci\u00f3n por esta raz\u00f3n les recomendamos tomarse el tiempo necesario para completarlo y prestar atenci\u00f3n en la carga de la informaci\u00f3n.<\/li>\n<li>Recomendamos antes de realizar la carga chequear en <strong><a href=\"https:\/\/www.anses.gob.ar\/mi-anses\" target=\"_blank\" rel=\"noopener\">ANSES<\/a><\/strong> c\u00f3mo se encuentra cargado su grupo familiar. Tener en cuenta que ANSES considera \u00abgrupo familiar\u00bb a aquel que convive en el mismo domicilio y considerar\u00e1 esa informaci\u00f3n para verificar si los ingresos superan los 3 salarios m\u00ednimos.<\/li>\n<\/ul>\n<\/td>\n<\/tr>\n<\/tbody>\n<\/table>\n\n\n<div class=\"wp-block-file\"><object class=\"wp-block-file__embed\" data=\"https:\/\/isfd42-bue.infd.edu.ar\/sitio\/wp-content\/uploads\/2026\/04\/Brief-Progresar-Superior-2026.pdf\" type=\"application\/pdf\" style=\"width:100%;height:600px\" aria-label=\"Incrustado de Brief-Progresar-Superior-2026.\"><\/object><a id=\"wp-block-file--media-c2ce23b5-d23a-45ed-9896-0dca2db453c9\" href=\"https:\/\/isfd42-bue.infd.edu.ar\/sitio\/wp-content\/uploads\/2026\/04\/Brief-Progresar-Superior-2026.pdf\">Brief-Progresar-Superior-2026<\/a><a href=\"https:\/\/isfd42-bue.infd.edu.ar\/sitio\/wp-content\/uploads\/2026\/04\/Brief-Progresar-Superior-2026.pdf\" class=\"wp-block-file__button wp-element-button\" download aria-describedby=\"wp-block-file--media-c2ce23b5-d23a-45ed-9896-0dca2db453c9\">Descarga<\/a><\/div>\n\n\n\n<div class=\"wp-block-file\"><object class=\"wp-block-file__embed\" data=\"https:\/\/isfd42-bue.infd.edu.ar\/sitio\/wp-content\/uploads\/2026\/04\/Instructivo-de-inscripcion-Superior-2026.pdf\" type=\"application\/pdf\" style=\"width:100%;height:600px\" aria-label=\"Incrustado de Instructivo-de-inscripcion-Superior-2026.\"><\/object><a id=\"wp-block-file--media-a4c45293-f8c7-4395-9343-6a7d9489f143\" href=\"https:\/\/isfd42-bue.infd.edu.ar\/sitio\/wp-content\/uploads\/2026\/04\/Instructivo-de-inscripcion-Superior-2026.pdf\">Instructivo-de-inscripcion-Superior-2026<\/a><a href=\"https:\/\/isfd42-bue.infd.edu.ar\/sitio\/wp-content\/uploads\/2026\/04\/Instructivo-de-inscripcion-Superior-2026.pdf\" class=\"wp-block-file__button wp-element-button\" download aria-describedby=\"wp-block-file--media-a4c45293-f8c7-4395-9343-6a7d9489f143\">Descarga<\/a><\/div>\n","protected":false},"excerpt":{"rendered":"<p>\u00a0CONVOCATORIA 2026 BECAS PROGRESAR\u00a0 Importante para la inscripci\u00f3n:&#x2705;es del 06\/4 al 30\/4&#x2705; el domicilio declarado en Progresar debe ser el mismo que figura en MI ANSES. Observar que si en MI ANSES figura un domicilio en donde ya no viven y reside un grupo familiar que supera los ingresos de 3 salarios m\u00ednimos, no se &#8230; <a title=\"Becas Progresar\" class=\"read-more\" href=\"https:\/\/isfd42-bue.infd.edu.ar\/sitio\/becas-progresar\/\" aria-label=\"More on Becas Progresar\">[+]<\/a><\/p>\n","protected":false},"author":427,"featured_media":0,"parent":0,"menu_order":0,"comment_status":"closed","ping_status":"closed","template":"","meta":[],"acf":[],"_links":{"self":[{"href":"https:\/\/isfd42-bue.infd.edu.ar\/sitio\/wp-json\/wp\/v2\/pages\/5229"}],"collection":[{"href":"https:\/\/isfd42-bue.infd.edu.ar\/sitio\/wp-json\/wp\/v2\/pages"}],"about":[{"href":"https:\/\/isfd42-bue.infd.edu.ar\/sitio\/wp-json\/wp\/v2\/types\/page"}],"author":[{"embeddable":true,"href":"https:\/\/isfd42-bue.infd.edu.ar\/sitio\/wp-json\/wp\/v2\/users\/427"}],"replies":[{"embeddable":true,"href":"https:\/\/isfd42-bue.infd.edu.ar\/sitio\/wp-json\/wp\/v2\/comments?post=5229"}],"version-history":[{"count":18,"href":"https:\/\/isfd42-bue.infd.edu.ar\/sitio\/wp-json\/wp\/v2\/pages\/5229\/revisions"}],"predecessor-version":[{"id":8113,"href":"https:\/\/isfd42-bue.infd.edu.ar\/sitio\/wp-json\/wp\/v2\/pages\/5229\/revisions\/8113"}],"wp:attachment":[{"href":"https:\/\/isfd42-bue.infd.edu.ar\/sitio\/wp-json\/wp\/v2\/media?parent=5229"}],"curies":[{"name":"wp","href":"https:\/\/api.w.org\/{rel}","templated":true}]}}