{"id":3625,"date":"2020-03-25T21:50:01","date_gmt":"2020-03-26T00:50:01","guid":{"rendered":"https:\/\/isfd42-bue.infd.edu.ar\/sitio\/?page_id=3625"},"modified":"2021-05-08T10:24:57","modified_gmt":"2021-05-08T13:24:57","slug":"pcp-lengua-y-literatura","status":"publish","type":"page","link":"https:\/\/isfd42-bue.infd.edu.ar\/sitio\/pcp-lengua-y-literatura\/","title":{"rendered":"PCP Lengua y Literatura"},"content":{"rendered":"<p><strong>TURNO MA\u00d1ANA<\/strong><\/p>\n<p>&nbsp;<\/p>\n<table>\n<tbody>\n<tr>\n<td width=\"60\"><strong>A\u00d1O<\/strong><\/td>\n<td width=\"285\"><strong>ESPACIO<\/strong><\/td>\n<td width=\"223\"><strong>DOCENTE<\/strong><\/td>\n<td width=\"122\"><strong>C\u00d3DIGO<\/strong><\/td>\n<\/tr>\n<tr>\n<td width=\"60\">1ro<\/td>\n<td width=\"285\">PEDAGOG\u00cdA<\/td>\n<td width=\"223\">Videla Dicalbo, Osvaldo<\/td>\n<td width=\"122\">qtl5cfi<\/td>\n<\/tr>\n<tr>\n<td width=\"60\">1ro<\/td>\n<td width=\"285\">DID\u00c1CTICA GENERAL<\/td>\n<td width=\"223\">Castagno, Patricia<\/td>\n<td width=\"122\">erlg7ku<\/td>\n<\/tr>\n<tr>\n<td width=\"60\">1ro<\/td>\n<td width=\"285\">PROBLEM SOCIO-INSTIT<\/td>\n<td width=\"223\">Urquiza, Veronica<\/td>\n<td width=\"122\">hitu73b<\/td>\n<\/tr>\n<tr>\n<td width=\"60\">1ro<\/td>\n<td width=\"285\">TEORIA LITERARIA I<\/td>\n<td width=\"223\">Zunino, Carolina<\/td>\n<td width=\"122\">5jpmzqr<\/td>\n<\/tr>\n<tr>\n<td width=\"60\">1ro<\/td>\n<td width=\"285\">HIST DE LA LENG ESPA\u00d1OLA<\/td>\n<td width=\"223\">Baz\u00e1n, Roque<\/td>\n<td width=\"122\">f5ijyoc<\/td>\n<\/tr>\n<tr>\n<td width=\"60\">1ro<\/td>\n<td width=\"285\">TALLER DE LECT Y ESCRIT<\/td>\n<td width=\"223\">Baz\u00e1n, Roque<\/td>\n<td width=\"122\">zcnqjmk<\/td>\n<\/tr>\n<tr>\n<td width=\"60\">1ro<\/td>\n<td width=\"285\">HIST SOC Y CULT\u00a0 LITERAT. I<\/td>\n<td width=\"223\">Frontini, Mariana<\/td>\n<td width=\"122\">irkp2wt<\/td>\n<\/tr>\n<tr>\n<td width=\"60\">1ro<\/td>\n<td width=\"285\">LING\u00dc\u00cdSTICA Y GRAM\u00a0 I<\/td>\n<td width=\"223\">Castro, Paola<\/td>\n<td width=\"122\">w7yeduu<\/td>\n<\/tr>\n<tr>\n<td width=\"60\">1ro<\/td>\n<td width=\"285\">CFPP I<\/td>\n<td width=\"223\">Bals, Iv\u00e1n<\/td>\n<td width=\"122\">pwmr5ae<\/td>\n<\/tr>\n<tr>\n<td width=\"60\">1ro<\/td>\n<td width=\"285\">CFPP I<\/td>\n<td width=\"223\">R\u00e9bora, Silvia<\/td>\n<td width=\"122\">pwmr5ae<\/td>\n<\/tr>\n<tr>\n<td width=\"60\">1ro<\/td>\n<td width=\"285\">CFPP I<\/td>\n<td width=\"223\">Rodriguez, Anastacia<\/td>\n<td width=\"122\">&nbsp;<\/td>\n<\/tr>\n<tr>\n<td width=\"60\">2do<\/td>\n<td width=\"285\">HIST Y POLIT ARGENTINA<\/td>\n<td width=\"223\">Ber\u00f3n, Marcelo<\/td>\n<td width=\"122\">qr7klkq<\/td>\n<\/tr>\n<tr>\n<td width=\"60\">2do<\/td>\n<td width=\"285\">ENSE\u00d1AR CON TECNOLOG<\/td>\n<td width=\"223\">Baril\u00e1, Emanuel<\/td>\n<td width=\"122\">dtvxc5q<\/td>\n<\/tr>\n<tr>\n<td width=\"60\">2do<\/td>\n<td width=\"285\">PERSP.\u00a0\u00a0 SUJET DE LA EDUC.<\/td>\n<td width=\"223\">Aftyka, Veronica<\/td>\n<td width=\"122\">tnjjut7<\/td>\n<\/tr>\n<tr>\n<td width=\"60\">2do<\/td>\n<td width=\"285\">TEORIA LITERARIA II<\/td>\n<td width=\"223\">Cort\u00e9s, Daniel<\/td>\n<td width=\"122\">uwqa3f3<\/td>\n<\/tr>\n<tr>\n<td width=\"60\">2do<\/td>\n<td width=\"285\">SEMIOTICA<\/td>\n<td width=\"223\">Steiervalt, Andrea<\/td>\n<td width=\"122\">bolhbf7<\/td>\n<\/tr>\n<tr>\n<td width=\"60\">2do<\/td>\n<td width=\"285\">HIST SOC Y CULT DE LIT\u00a0 II<\/td>\n<td width=\"223\">Baz\u00e1n, Roque<\/td>\n<td width=\"122\">nm3la3t<\/td>\n<\/tr>\n<tr>\n<td width=\"60\">2do<\/td>\n<td width=\"285\">DID DE LA LENG Y LA LIT I<\/td>\n<td width=\"223\">Castro, Paola<\/td>\n<td width=\"122\">so372zc<\/td>\n<\/tr>\n<tr>\n<td width=\"60\">2do<\/td>\n<td width=\"285\">TALLER DE ALFAB Y LIT. INFANTO &#8211; JUVENIL<\/td>\n<td width=\"223\">Mart\u00ednez, Dami\u00e1n<\/td>\n<td width=\"122\">hk7z5h6<\/td>\n<\/tr>\n<tr>\n<td width=\"60\">2do<\/td>\n<td width=\"285\">LING\u00dc\u00cdST Y GRAMATICA II<\/td>\n<td width=\"223\">Alfonzo, Dar\u00edo<\/td>\n<td width=\"122\">owtik54<\/td>\n<\/tr>\n<tr>\n<td width=\"60\">2do<\/td>\n<td width=\"285\">C.F.P.P. II<\/td>\n<td width=\"223\">Silva, Mariana<\/td>\n<td width=\"122\">tw6a2dffoto<\/td>\n<\/tr>\n<tr>\n<td width=\"60\"><strong>\u00a0<\/strong><\/td>\n<td width=\"285\">&nbsp;<\/td>\n<td width=\"223\">&nbsp;<\/td>\n<td width=\"122\">&nbsp;<\/td>\n<\/tr>\n<tr>\n<td width=\"60\"><strong>\u00a0<\/strong><\/td>\n<td width=\"285\"><strong>TURNO VESPERTINO<\/strong><\/td>\n<td width=\"223\"><strong>\u00a0<\/strong><\/td>\n<td width=\"122\"><strong>\u00a0<\/strong><\/td>\n<\/tr>\n<tr>\n<td width=\"60\"><strong>\u00a0<\/strong><\/td>\n<td width=\"285\"><strong>\u00a0<\/strong><\/td>\n<td width=\"223\"><strong>\u00a0<\/strong><\/td>\n<td width=\"122\"><strong>\u00a0<\/strong><\/td>\n<\/tr>\n<tr>\n<td width=\"60\"><strong>A\u00d1O<\/strong><\/td>\n<td width=\"285\"><strong>ESPACIO<\/strong><\/td>\n<td width=\"223\"><strong>DOCENTE<\/strong><\/td>\n<td width=\"122\"><strong>C\u00d3DIGO<\/strong><\/td>\n<\/tr>\n<tr>\n<td width=\"60\">1ro<\/td>\n<td width=\"285\">PEDAGOG\u00cdA<\/td>\n<td width=\"223\">Baril\u00e1, Emanuel<\/td>\n<td width=\"122\">tunt76a<\/td>\n<\/tr>\n<tr>\n<td width=\"60\">1ro<\/td>\n<td width=\"285\">DID\u00c1CTICA GENERAL<\/td>\n<td width=\"223\">Bustamante, M\u00f3nica<\/td>\n<td width=\"122\">7co6fe3<\/td>\n<\/tr>\n<tr>\n<td width=\"60\">1ro<\/td>\n<td width=\"285\">PROBLEM SOCIO-INSTITUC<\/td>\n<td width=\"223\">Videla Dicalbo, Osvaldo<\/td>\n<td width=\"122\">u7nm4ko<\/td>\n<\/tr>\n<tr>\n<td width=\"60\">1ro<\/td>\n<td width=\"285\">TEORIA LITERARIA I<\/td>\n<td width=\"223\">Montenegro, Mart\u00edn<\/td>\n<td width=\"122\">kd6vsua<\/td>\n<\/tr>\n<tr>\n<td width=\"60\">1ro<\/td>\n<td width=\"285\">HIST DE LA LENG ESPA\u00d1OLA<\/td>\n<td width=\"223\">Baz\u00e1n, Roque<\/td>\n<td width=\"122\">hklxbrd<\/td>\n<\/tr>\n<tr>\n<td width=\"60\">1ro<\/td>\n<td width=\"285\">TALLER DE LECT Y ESCRIT<\/td>\n<td width=\"223\">Gatti Ema<\/td>\n<td width=\"122\">rk7z4qh<\/td>\n<\/tr>\n<tr>\n<td width=\"60\">1ro<\/td>\n<td width=\"285\">HIST SOC Y CULT \u00a0LITERAT I<\/td>\n<td width=\"223\">Frontini, Mariana<\/td>\n<td width=\"122\">xyzf52i<\/td>\n<\/tr>\n<tr>\n<td width=\"60\">1ro<\/td>\n<td width=\"285\">LING\u00dc\u00cdSTIC Y GRAMATICA I<\/td>\n<td width=\"223\">Castro, Paola<\/td>\n<td width=\"122\">thq6cds<\/td>\n<\/tr>\n<tr>\n<td width=\"60\">1ro<\/td>\n<td width=\"285\">CFPP I<\/td>\n<td width=\"223\">Bals, Iv\u00e1n<\/td>\n<td width=\"122\">hl4hpna<\/td>\n<\/tr>\n<tr>\n<td width=\"60\">1ro<\/td>\n<td width=\"285\">CFPP I<\/td>\n<td width=\"223\">R\u00e9bora, Silvia<\/td>\n<td width=\"122\">hl4hpna<\/td>\n<\/tr>\n<tr>\n<td width=\"60\">1ro<\/td>\n<td width=\"285\">CFPP I<\/td>\n<td width=\"223\">Rodr\u00edguez, Anastacia<\/td>\n<td width=\"122\">&nbsp;<\/td>\n<\/tr>\n<tr>\n<td width=\"60\">2do<\/td>\n<td width=\"285\">HIST Y POLITIC ARGENTINA<\/td>\n<td width=\"223\">Guzm\u00e1n, Felipe<\/td>\n<td width=\"122\">cabfkio<\/td>\n<\/tr>\n<tr>\n<td width=\"60\">2do<\/td>\n<td width=\"285\">ENSE\u00d1AR CON TECNOLOG<\/td>\n<td width=\"223\">Guglielmone, Sebasti\u00e1n<\/td>\n<td width=\"122\">uzocubu<\/td>\n<\/tr>\n<tr>\n<td width=\"60\">2do<\/td>\n<td width=\"285\">PERSP.\u00a0 SUJET DE LA EDUC.<\/td>\n<td width=\"223\">Rossetti, Martha<\/td>\n<td width=\"122\">tebj7wx<\/td>\n<\/tr>\n<tr>\n<td width=\"60\">2do<\/td>\n<td width=\"285\">TEORIA LITERARIA II<\/td>\n<td width=\"223\">Muschietti, Marcelo<\/td>\n<td width=\"122\">4p2wega<\/td>\n<\/tr>\n<tr>\n<td width=\"60\">2do<\/td>\n<td width=\"285\">SEMIOTICA<\/td>\n<td width=\"223\">Steiervalt, Andrea<\/td>\n<td width=\"122\">z7hdjyr<\/td>\n<\/tr>\n<tr>\n<td width=\"60\">2do<\/td>\n<td width=\"285\">HIST SOC Y CULT LITERAT II<\/td>\n<td width=\"223\">Muschietti, Marcelo<\/td>\n<td width=\"122\">gek2o77<\/td>\n<\/tr>\n<tr>\n<td width=\"60\">2do<\/td>\n<td width=\"285\">DIDACT\u00a0 LENG Y LITERAT \u00a0I<\/td>\n<td width=\"223\">Rodriguez, Silvia<\/td>\n<td width=\"122\">scywypt<\/td>\n<\/tr>\n<tr>\n<td width=\"60\">2do<\/td>\n<td width=\"285\">TALLER DE ALFABET Y LIT. INFANTO &#8211; JUVENIL<\/td>\n<td width=\"223\">Rodr\u00edguez, Silvia<\/td>\n<td width=\"122\">vkexada<\/td>\n<\/tr>\n<tr>\n<td width=\"60\">2do<\/td>\n<td width=\"285\">LING\u00dc\u00cdSTIC Y GRAMATICA II<\/td>\n<td width=\"223\">Muschietti, Marcelo<\/td>\n<td width=\"122\">7mmb5sy<\/td>\n<\/tr>\n<tr>\n<td width=\"60\">2do<\/td>\n<td width=\"285\">CFPP II (lunes 13 a 17)<\/td>\n<td width=\"223\">Mart\u00ednez, Dami\u00e1n<\/td>\n<td width=\"122\">7puaio7<\/td>\n<\/tr>\n<tr>\n<td width=\"60\">&nbsp;<\/td>\n<td width=\"285\">CFPP II (jueves 13 a 17)<\/td>\n<td width=\"223\">Mart\u00ednez, Dami\u00e1n<\/td>\n<td width=\"122\">vscpdzz<\/td>\n<\/tr>\n<tr>\n<td width=\"60\">2do<\/td>\n<td width=\"285\">CFPP II (viernes 13 a 17)<\/td>\n<td width=\"223\">Mart\u00ednez, Dami\u00e1n<\/td>\n<td width=\"122\">5juabjr<\/td>\n<\/tr>\n<tr>\n<td width=\"60\">3ro<\/td>\n<td width=\"285\">EDUCAC PARA LA DIVERS<\/td>\n<td width=\"223\">Olivera, Rosana<\/td>\n<td width=\"122\">d36b52i<\/td>\n<\/tr>\n<tr>\n<td width=\"60\">3ro<\/td>\n<td width=\"285\">FILOSOF\u00cdA Y EDUCACI\u00d3N<\/td>\n<td width=\"223\">Baril\u00e1, Emanuel<\/td>\n<td width=\"122\">b35to4l<\/td>\n<\/tr>\n<tr>\n<td width=\"60\">3ro<\/td>\n<td width=\"285\">EVALUACION DE LOS APJES<\/td>\n<td width=\"223\">Steiervalt, Andrea<\/td>\n<td width=\"122\">npd2jap<\/td>\n<\/tr>\n<tr>\n<td width=\"60\">3ro<\/td>\n<td width=\"285\">NIVEL I INGL\u00c9S (OPCION I)<\/td>\n<td width=\"223\">Dreise, Margarita<\/td>\n<td width=\"122\">wfzevz4<\/td>\n<\/tr>\n<tr>\n<td width=\"60\">3ro<\/td>\n<td width=\"285\">ORAT Y RET DOC (OPCI\u00d3N II)<\/td>\n<td width=\"223\">Lell, Alejandra<\/td>\n<td width=\"122\">6eu6bcn<\/td>\n<\/tr>\n<tr>\n<td width=\"60\">3ro<\/td>\n<td width=\"285\">TEOR\u00cdA LITERARIA III<\/td>\n<td width=\"223\">Muschietti, Marcelo<\/td>\n<td width=\"122\">4po2ooh<\/td>\n<\/tr>\n<tr>\n<td width=\"60\">3ro<\/td>\n<td width=\"285\">PSICOLINGUISTICA<\/td>\n<td width=\"223\">Steiervalt, Andrea<\/td>\n<td width=\"122\">q2ehysa<\/td>\n<\/tr>\n<tr>\n<td width=\"60\">3ro<\/td>\n<td width=\"285\">DIDACT LENG Y LA LITER II<\/td>\n<td width=\"223\">Silva, Mariana<\/td>\n<td width=\"122\">krmelsk<\/td>\n<\/tr>\n<tr>\n<td width=\"60\">3ro<\/td>\n<td width=\"285\">LITER ESPA\u00d1 Y LATINOAM<\/td>\n<td width=\"223\">Muschietti, Marcelo<\/td>\n<td width=\"122\">33uxxe6<\/td>\n<\/tr>\n<tr>\n<td width=\"60\">3ro<\/td>\n<td width=\"285\">LING\u00dc\u00cdSTIC Y GRAM\u00c1TIC III<\/td>\n<td width=\"223\">Baz\u00e1n, Roque<\/td>\n<td width=\"122\">d2ilruf<\/td>\n<\/tr>\n<tr>\n<td width=\"60\">3ro<\/td>\n<td width=\"285\">C.F.P.P. III<\/td>\n<td width=\"223\">Cabral, Mat\u00edas<\/td>\n<td width=\"122\">aoluriy<\/td>\n<\/tr>\n<tr>\n<td width=\"60\">3ro<\/td>\n<td width=\"285\">C.F.P.P. III<\/td>\n<td width=\"223\">Cabral, Mat\u00edas<\/td>\n<td width=\"122\">6qxngdu<\/td>\n<\/tr>\n<tr>\n<td width=\"60\">3ro<\/td>\n<td width=\"285\">C.F.P.P. III<\/td>\n<td width=\"223\">Spinelli, Diana<\/td>\n<td width=\"122\">hm5a5sf<\/td>\n<\/tr>\n<tr>\n<td width=\"60\">3ro<\/td>\n<td width=\"285\">C.F.P.P. III<\/td>\n<td width=\"223\">Spinelli, Diana<\/td>\n<td width=\"122\">hm5a5sf<\/td>\n<\/tr>\n<tr>\n<td width=\"60\">4to<\/td>\n<td width=\"285\">AN\u00c1LISIS E INTERVENCI\u00d3N<\/td>\n<td width=\"223\">&nbsp;<\/td>\n<td width=\"122\">&nbsp;<\/td>\n<\/tr>\n<tr>\n<td width=\"60\">4to<\/td>\n<td width=\"285\">LITERATURA ARGENTINA<\/td>\n<td width=\"223\">Ben\u00edtez, An\u00edbal<\/td>\n<td width=\"122\">ktmy4id<\/td>\n<\/tr>\n<tr>\n<td width=\"60\">4to<\/td>\n<td width=\"285\">LING\u00dc\u00cdSTIC Y GRAM\u00c1TIC IV<\/td>\n<td width=\"223\">Garc\u00eda, M\u00f3nica<\/td>\n<td width=\"122\">g6r4ysk<\/td>\n<\/tr>\n<tr>\n<td width=\"60\">4to<\/td>\n<td width=\"285\">DID\u00c1CTIC LENG Y \u00a0LITERAT<\/td>\n<td width=\"223\">Gatti, Ema<\/td>\n<td width=\"122\">ozrjqiq<\/td>\n<\/tr>\n<tr>\n<td width=\"60\">4to<\/td>\n<td width=\"285\">SOCIOLING\u00dc\u00cdSTICA<\/td>\n<td width=\"223\">Steiervalt, Andrea<\/td>\n<td width=\"122\">wj474ap<\/td>\n<\/tr>\n<tr>\n<td width=\"60\">4to<\/td>\n<td width=\"285\">LITERAT Y OTROS LENG ART<\/td>\n<td width=\"223\">Ben\u00edtez, An\u00edbal<\/td>\n<td width=\"122\">n6sfibe<\/td>\n<\/tr>\n<tr>\n<td width=\"60\">4to<\/td>\n<td width=\"285\">EDI III<\/td>\n<td width=\"223\">Blanco, Camila<\/td>\n<td width=\"122\">izximy2<\/td>\n<\/tr>\n<tr>\n<td width=\"60\">4to<\/td>\n<td width=\"285\">TUTORIAS E INTERVENCION<\/td>\n<td width=\"223\">&nbsp;<\/td>\n<td width=\"122\">&nbsp;<\/td>\n<\/tr>\n<tr>\n<td width=\"60\">4to<\/td>\n<td width=\"285\">NIVEL II INGL\u00c9S<\/td>\n<td width=\"223\">Ocampo, Gustavo<\/td>\n<td width=\"122\">fqjahf7<\/td>\n<\/tr>\n<tr>\n<td width=\"60\">4to<\/td>\n<td width=\"285\">CFPP IV<\/td>\n<td width=\"223\">Lell, Alejandra<\/td>\n<td width=\"122\">dk2egxq<\/td>\n<\/tr>\n<tr>\n<td width=\"60\">4to<\/td>\n<td width=\"285\">TALLER DE REFLEXION<\/td>\n<td width=\"223\">Lell, Alejandra<\/td>\n<td width=\"122\">akmqldo<\/td>\n<\/tr>\n<tr>\n<td width=\"60\">4to<\/td>\n<td width=\"285\">CFPP IV<\/td>\n<td width=\"223\">Silva, Mariana<\/td>\n<td width=\"122\">dk2egxq<\/td>\n<\/tr>\n<tr>\n<td width=\"60\">4to<\/td>\n<td width=\"285\">TALLER DE REFLEXION<\/td>\n<td width=\"223\">Silva, Mariana<\/td>\n<td width=\"122\">aainqu4<\/td>\n<\/tr>\n<tr>\n<td width=\"60\">4to<\/td>\n<td width=\"285\">CFPP IV<\/td>\n<td width=\"223\">Silva, Mariana<\/td>\n<td width=\"122\">dk2egxq<\/td>\n<\/tr>\n<tr>\n<td width=\"60\">4to<\/td>\n<td width=\"285\">TALLER DE REFLEXION<\/td>\n<td width=\"223\">Silva, Mariana<\/td>\n<td width=\"122\">aainqu4<\/td>\n<\/tr>\n<tr>\n<td width=\"60\">&nbsp;<\/td>\n<td width=\"285\">&nbsp;<\/td>\n<td width=\"223\">&nbsp;<\/td>\n<td width=\"122\">&nbsp;<\/td>\n<\/tr>\n<\/tbody>\n<\/table>\n<p>&nbsp;<\/p>\n","protected":false},"excerpt":{"rendered":"<p>TURNO MA\u00d1ANA &nbsp; A\u00d1O ESPACIO DOCENTE C\u00d3DIGO 1ro PEDAGOG\u00cdA Videla Dicalbo, Osvaldo qtl5cfi 1ro DID\u00c1CTICA GENERAL Castagno, Patricia erlg7ku 1ro PROBLEM SOCIO-INSTIT Urquiza, Veronica hitu73b 1ro TEORIA LITERARIA I Zunino, Carolina 5jpmzqr 1ro HIST DE LA LENG ESPA\u00d1OLA Baz\u00e1n, Roque f5ijyoc 1ro TALLER DE LECT Y ESCRIT Baz\u00e1n, Roque zcnqjmk 1ro HIST SOC Y CULT\u00a0 &#8230; <a title=\"PCP Lengua y Literatura\" class=\"read-more\" href=\"https:\/\/isfd42-bue.infd.edu.ar\/sitio\/pcp-lengua-y-literatura\/\" aria-label=\"More on PCP Lengua y Literatura\">[+]<\/a><\/p>\n","protected":false},"author":610,"featured_media":0,"parent":0,"menu_order":0,"comment_status":"closed","ping_status":"closed","template":"","meta":[],"acf":[],"_links":{"self":[{"href":"https:\/\/isfd42-bue.infd.edu.ar\/sitio\/wp-json\/wp\/v2\/pages\/3625"}],"collection":[{"href":"https:\/\/isfd42-bue.infd.edu.ar\/sitio\/wp-json\/wp\/v2\/pages"}],"about":[{"href":"https:\/\/isfd42-bue.infd.edu.ar\/sitio\/wp-json\/wp\/v2\/types\/page"}],"author":[{"embeddable":true,"href":"https:\/\/isfd42-bue.infd.edu.ar\/sitio\/wp-json\/wp\/v2\/users\/610"}],"replies":[{"embeddable":true,"href":"https:\/\/isfd42-bue.infd.edu.ar\/sitio\/wp-json\/wp\/v2\/comments?post=3625"}],"version-history":[{"count":20,"href":"https:\/\/isfd42-bue.infd.edu.ar\/sitio\/wp-json\/wp\/v2\/pages\/3625\/revisions"}],"predecessor-version":[{"id":5427,"href":"https:\/\/isfd42-bue.infd.edu.ar\/sitio\/wp-json\/wp\/v2\/pages\/3625\/revisions\/5427"}],"wp:attachment":[{"href":"https:\/\/isfd42-bue.infd.edu.ar\/sitio\/wp-json\/wp\/v2\/media?parent=3625"}],"curies":[{"name":"wp","href":"https:\/\/api.w.org\/{rel}","templated":true}]}}