{"id":3620,"date":"2020-03-25T21:37:39","date_gmt":"2020-03-26T00:37:39","guid":{"rendered":"https:\/\/isfd42-bue.infd.edu.ar\/sitio\/?page_id=3620"},"modified":"2021-05-08T08:34:43","modified_gmt":"2021-05-08T11:34:43","slug":"pcp-ingles","status":"publish","type":"page","link":"https:\/\/isfd42-bue.infd.edu.ar\/sitio\/pcp-ingles\/","title":{"rendered":"PCP Ingl\u00e9s"},"content":{"rendered":"<p><strong>PROFESORADO DE EDUCACI\u00d3N SECUNDARIA EN INGL\u00c9S Res. 1860\/17<\/strong> .<\/p>\n<p>&nbsp;<\/p>\n<table>\n<tbody>\n<tr>\n<td width=\"45\"><strong>\u00a0<\/strong><\/td>\n<td width=\"390\"><strong>TURNO MA\u00d1ANA<\/strong><\/td>\n<td width=\"180\">&nbsp;<\/td>\n<td width=\"120\">&nbsp;<\/td>\n<\/tr>\n<tr>\n<td width=\"45\">&nbsp;<\/td>\n<td width=\"390\">&nbsp;<\/td>\n<td width=\"180\">&nbsp;<\/td>\n<td width=\"120\">&nbsp;<\/td>\n<\/tr>\n<tr>\n<td width=\"45\"><strong>A\u00d1<\/strong><\/td>\n<td width=\"390\"><strong>ESPACIO<\/strong><\/td>\n<td width=\"180\"><strong>DOCENTE<\/strong><\/td>\n<td width=\"120\"><strong>C\u00d3DIGO<\/strong><\/td>\n<\/tr>\n<tr>\n<td width=\"45\">&nbsp;<\/td>\n<td width=\"390\">CUFBA<\/td>\n<td width=\"180\">Molina, Adriana<\/td>\n<td width=\"120\">am4q6fk<\/td>\n<\/tr>\n<tr>\n<td width=\"45\">1ro<\/td>\n<td width=\"390\">PEDAGOG\u00cdA<\/td>\n<td width=\"180\">Rodriguez, Anas<\/td>\n<td width=\"120\">v4g5ryo<\/td>\n<\/tr>\n<tr>\n<td width=\"45\">1ro<\/td>\n<td width=\"390\">DID\u00c1CTICA GENERAL<\/td>\n<td width=\"180\">Ghelfi, Fernanda<\/td>\n<td width=\"120\">ajbbozc<\/td>\n<\/tr>\n<tr>\n<td width=\"45\">1ro<\/td>\n<td width=\"390\">PROBLEM SOCIO-INSTITUC<\/td>\n<td width=\"180\">Videla Dicalbo<\/td>\n<td width=\"120\">znubxuo<\/td>\n<\/tr>\n<tr>\n<td width=\"45\">1ro<\/td>\n<td width=\"390\">PRACT DISC DE LA CCI\u00d3N ORAL I<\/td>\n<td width=\"180\">Penide, Leticia<\/td>\n<td width=\"120\">fimiwjv<\/td>\n<\/tr>\n<tr>\n<td width=\"45\">1ro<\/td>\n<td width=\"390\">PRACT DISC. DE LA CCION ESCRITA I<\/td>\n<td width=\"180\">Varela Daniel<\/td>\n<td width=\"120\">6dffxtr<\/td>\n<\/tr>\n<tr>\n<td width=\"45\">1ro<\/td>\n<td width=\"390\">PRACT. DISC. DEL AMB ACAD EN ESPA\u00d1<\/td>\n<td width=\"180\">Silva, Mariana<\/td>\n<td width=\"120\">clboly3<\/td>\n<\/tr>\n<tr>\n<td width=\"45\">1ro<\/td>\n<td width=\"390\">INTR AL INGL CON FINES ACADEMICOS<\/td>\n<td width=\"180\">Pontoriero, Roberto<\/td>\n<td width=\"120\">gyymkbx<\/td>\n<\/tr>\n<tr>\n<td width=\"45\">1ro<\/td>\n<td width=\"390\">EST INTERCULT EN LENGUA INGLESA I<\/td>\n<td width=\"180\">Piva, Fernando<\/td>\n<td width=\"120\">zkqkb52<\/td>\n<\/tr>\n<tr>\n<td width=\"45\">1ro<\/td>\n<td width=\"390\">CFPP I<\/td>\n<td width=\"180\">V\u00e1squez Daniel<\/td>\n<td width=\"120\">jsopcza<\/td>\n<\/tr>\n<tr>\n<td width=\"45\">2do<\/td>\n<td width=\"390\">HISTORIA Y POLITICA ARGENTINA<\/td>\n<td width=\"180\">Balestrelli, Patricia<\/td>\n<td width=\"120\">ofcvtqg<\/td>\n<\/tr>\n<tr>\n<td width=\"45\">2do<\/td>\n<td width=\"390\">ENSE\u00d1AR CON TECNOLOG\u00cdAS<\/td>\n<td width=\"180\">Gamarra, Maximilian<\/td>\n<td width=\"120\">symqb7u<\/td>\n<\/tr>\n<tr>\n<td width=\"45\">2do<\/td>\n<td width=\"390\">PERSP. ACERC DE LOS SUJ DE LA EDUC.<\/td>\n<td width=\"180\">Navarro Caceres<\/td>\n<td width=\"120\">2ulleqf<\/td>\n<\/tr>\n<tr>\n<td width=\"45\">2do<\/td>\n<td width=\"390\">PRACT. DISC DE LA COMUN. ORAL II<\/td>\n<td width=\"180\">Gonzalez Sityar<\/td>\n<td width=\"120\">agjttts<\/td>\n<\/tr>\n<tr>\n<td width=\"45\">2do<\/td>\n<td width=\"390\">PRACT. DISC DE LA COM. ESCRITA II<\/td>\n<td width=\"180\">Alegre, Claudio<\/td>\n<td width=\"120\">t7cqlwz<\/td>\n<\/tr>\n<tr>\n<td width=\"45\">2do<\/td>\n<td width=\"390\">FUND. DE LA ENS. Y AJE. DEL INGLES I<\/td>\n<td width=\"180\">Alegre, Claudio<\/td>\n<td width=\"120\">4elkitd<\/td>\n<\/tr>\n<tr>\n<td width=\"45\">2do<\/td>\n<td width=\"390\">LIT EN LENGUA INGLESA Y NI\u00d1EZ<\/td>\n<td width=\"180\">Ocampo, Gustavo<\/td>\n<td width=\"120\">ekgilzs<\/td>\n<\/tr>\n<tr>\n<td width=\"45\">2do<\/td>\n<td width=\"390\">EST INTERC EN LENGUA INGLESA II<\/td>\n<td width=\"180\">Ocampo, Gustavo<\/td>\n<td width=\"120\">dcmpmbm<\/td>\n<\/tr>\n<tr>\n<td width=\"45\">2do<\/td>\n<td width=\"390\">CFPP II<\/td>\n<td width=\"180\">Alegre<\/td>\n<td width=\"120\">uhtqkaq<\/td>\n<\/tr>\n<tr>\n<td width=\"45\">2do<\/td>\n<td width=\"390\">CFPP II<\/td>\n<td width=\"180\">Mica<\/td>\n<td width=\"120\">6lk3vr5<\/td>\n<\/tr>\n<tr>\n<td width=\"45\">3ro<\/td>\n<td width=\"390\">C.F.P.P. III<\/td>\n<td width=\"180\">Mica Sandra<\/td>\n<td width=\"120\">hqq7kmk<\/td>\n<\/tr>\n<tr>\n<td width=\"45\">3ro<\/td>\n<td width=\"390\">C.F.P.P. III<\/td>\n<td width=\"180\">Mica Sandra<\/td>\n<td width=\"120\">hqq7kmk<\/td>\n<\/tr>\n<tr>\n<td width=\"45\">4to<\/td>\n<td width=\"390\">CFPP IV<\/td>\n<td width=\"180\">Mica<\/td>\n<td width=\"120\">md45el4<\/td>\n<\/tr>\n<tr>\n<td width=\"45\">4to<\/td>\n<td width=\"390\">TALLER DE REFLEXION<\/td>\n<td width=\"180\">Luchesse<\/td>\n<td width=\"120\">47jc6lo<\/td>\n<\/tr>\n<tr>\n<td width=\"45\">&nbsp;<\/td>\n<td width=\"390\">&nbsp;<\/td>\n<td width=\"180\">&nbsp;<\/td>\n<td width=\"120\">&nbsp;<\/td>\n<\/tr>\n<tr>\n<td width=\"45\">&nbsp;<\/td>\n<td width=\"390\">&nbsp;<\/td>\n<td width=\"180\">&nbsp;<\/td>\n<td width=\"120\">&nbsp;<\/td>\n<\/tr>\n<tr>\n<td width=\"45\"><strong>\u00a0<\/strong><\/td>\n<td width=\"390\"><strong>TURNO VESPERTINO<\/strong><\/td>\n<td width=\"180\">&nbsp;<\/td>\n<td width=\"120\">&nbsp;<\/td>\n<\/tr>\n<tr>\n<td width=\"45\">&nbsp;<\/td>\n<td width=\"390\">&nbsp;<\/td>\n<td width=\"180\">&nbsp;<\/td>\n<td width=\"120\">&nbsp;<\/td>\n<\/tr>\n<tr>\n<td width=\"45\"><strong>A\u00d1<\/strong><\/td>\n<td width=\"390\"><strong>ESPACIO<\/strong><\/td>\n<td width=\"180\"><strong>DOCENTE<\/strong><\/td>\n<td width=\"120\"><strong>C\u00d3DIGO<\/strong><\/td>\n<\/tr>\n<tr>\n<td width=\"45\">&nbsp;<\/td>\n<td width=\"390\">CUFBA<\/td>\n<td width=\"180\">Molina,Adriana<\/td>\n<td width=\"120\">am4q6fk<\/td>\n<\/tr>\n<tr>\n<td width=\"45\">1ro<\/td>\n<td width=\"390\">PEDAGOG\u00cdA<\/td>\n<td width=\"180\">Landin Maria Zivina<\/td>\n<td width=\"120\">2ppuoh4<\/td>\n<\/tr>\n<tr>\n<td width=\"45\">1ro<\/td>\n<td width=\"390\">DID\u00c1CTICA GENERAL<\/td>\n<td width=\"180\">Rodriguez, Anas<\/td>\n<td width=\"120\">3kuhep2<\/td>\n<\/tr>\n<tr>\n<td width=\"45\">1ro<\/td>\n<td width=\"390\">PROBLEM SOCIO-INSTITUCIONALES<\/td>\n<td width=\"180\">Mosqueira, Irma<\/td>\n<td width=\"120\">qotnjop<\/td>\n<\/tr>\n<tr>\n<td width=\"45\">1ro<\/td>\n<td width=\"390\">PR\u00c1CT DISC DE LA CCI\u00d3N ORAL I<\/td>\n<td width=\"180\">Varela, Ver\u00f3nica<\/td>\n<td width=\"120\">qv2odr2<\/td>\n<\/tr>\n<tr>\n<td width=\"45\">1ro<\/td>\n<td width=\"390\">PR\u00c1CT DISC. DE LA CCI\u00d3N ESCRITA I<\/td>\n<td width=\"180\">Alegre, Claudio<\/td>\n<td width=\"120\">dljd2ev<\/td>\n<\/tr>\n<tr>\n<td width=\"45\">1ro<\/td>\n<td width=\"390\">PRACT. DISC. DEL \u00c1MB AC EN ESPA\u00d1OL<\/td>\n<td width=\"180\">Martinez, Dami\u00e1n<\/td>\n<td width=\"120\">m7l3jii<\/td>\n<\/tr>\n<tr>\n<td width=\"45\">1ro<\/td>\n<td width=\"390\">INTR AL INGL CON FINES ACADEMICOS<\/td>\n<td width=\"180\">Saldivar Viviana<\/td>\n<td width=\"120\">btr3oqz<\/td>\n<\/tr>\n<tr>\n<td width=\"45\">1ro<\/td>\n<td width=\"390\">EST INTERCULT EN LENGUA INGLESA I<\/td>\n<td width=\"180\">Saldivar Viviana<\/td>\n<td width=\"120\">n7irsc4<\/td>\n<\/tr>\n<tr>\n<td width=\"45\">1ro<\/td>\n<td width=\"390\">CFPP I<\/td>\n<td width=\"180\">Videla Dicalbo, O<\/td>\n<td width=\"120\">d27bqa5<\/td>\n<\/tr>\n<tr>\n<td width=\"45\">2do<\/td>\n<td width=\"390\">HIST Y POL\u00cdTIC de la EDUC ARGENTINA<\/td>\n<td width=\"180\">Rodr\u00edguez, Leticia<\/td>\n<td width=\"120\">q6nftp3<\/td>\n<\/tr>\n<tr>\n<td width=\"45\">2do<\/td>\n<td width=\"390\">ENSE\u00d1AR CON TECNOLOG\u00cdAS<\/td>\n<td width=\"180\">Gamarra Maximilian<\/td>\n<td width=\"120\">rokoepq<\/td>\n<\/tr>\n<tr>\n<td width=\"45\">2do<\/td>\n<td width=\"390\">PERSP.\u00a0 DE LOS SUJETOS DE LA EDUC.<\/td>\n<td width=\"180\">(Petronio) Tieppo, C.<\/td>\n<td width=\"120\">5ayaqhi<\/td>\n<\/tr>\n<tr>\n<td width=\"45\">2do<\/td>\n<td width=\"390\">PRACT. DISC DE LA COMUN. ORAL II<\/td>\n<td width=\"180\">Penide Leticia<\/td>\n<td width=\"120\">wdr25he<\/td>\n<\/tr>\n<tr>\n<td width=\"45\">2do<\/td>\n<td width=\"390\">PRACT. DISC DE LA COM. ESCRITA II<\/td>\n<td width=\"180\">Lucchese Jose<\/td>\n<td width=\"120\">6hb3d7e<\/td>\n<\/tr>\n<tr>\n<td width=\"45\">2do<\/td>\n<td width=\"390\">FUND. DE LA ENS. Y APJE DEL INGLES I<\/td>\n<td width=\"180\">Alegre, Claudio<\/td>\n<td width=\"120\">rr4sqib<\/td>\n<\/tr>\n<tr>\n<td width=\"45\">2do<\/td>\n<td width=\"390\">LIT EN LENGUA INGLESA Y NI\u00d1EZ<\/td>\n<td width=\"180\">Cortes Romina<\/td>\n<td width=\"120\">k357ckd<\/td>\n<\/tr>\n<tr>\n<td width=\"45\">2do<\/td>\n<td width=\"390\">EST INTERCULT EN LENGUA INGLESA II<\/td>\n<td width=\"180\">Cortes Romina<\/td>\n<td width=\"120\">rc3bksb<\/td>\n<\/tr>\n<tr>\n<td width=\"45\">2do<\/td>\n<td width=\"390\">CFPP II<\/td>\n<td width=\"180\">Dreise<\/td>\n<td width=\"120\">g6iwrni<\/td>\n<\/tr>\n<tr>\n<td width=\"45\">3ro<\/td>\n<td width=\"390\">EDUCACI\u00d3N PARA LA DIVERSIDAD<\/td>\n<td width=\"180\">Aguirre, Luc\u00eda<\/td>\n<td width=\"120\">ostslxt<\/td>\n<\/tr>\n<tr>\n<td width=\"45\">3ro<\/td>\n<td width=\"390\">FILOSOF\u00cdA Y EDUCACI\u00d3N<\/td>\n<td width=\"180\">Piegari Marcelo<\/td>\n<td width=\"120\">fy4tul7<\/td>\n<\/tr>\n<tr>\n<td width=\"45\">3ro<\/td>\n<td width=\"390\">EVALUACI\u00d3N DE LOS APRENDIZAJES<\/td>\n<td width=\"180\">Collia, Lucila<\/td>\n<td width=\"120\">c2q7ewk<\/td>\n<\/tr>\n<tr>\n<td width=\"45\">3ro<\/td>\n<td width=\"390\">NIVEL I FRANCES (OPCION I)<\/td>\n<td width=\"180\">Tilatti, Mar\u00eda Luj\u00e1n<\/td>\n<td width=\"120\">3lknlpj<\/td>\n<\/tr>\n<tr>\n<td width=\"45\">3ro<\/td>\n<td width=\"390\">ORAT Y RETORIC DOCENTE (OPCI\u00d3N II)<\/td>\n<td width=\"180\">Steiervalt, Andrea<\/td>\n<td width=\"120\">eth5bls<\/td>\n<\/tr>\n<tr>\n<td width=\"45\">3ro<\/td>\n<td width=\"390\">PRAC. DISC. DE LA COM. ORAL III<\/td>\n<td width=\"180\">Penide Leticia<\/td>\n<td width=\"120\">353zf4g<\/td>\n<\/tr>\n<tr>\n<td width=\"45\">3ro<\/td>\n<td width=\"390\">PRAC. DISC. DE LA COM. ESCRITA III<\/td>\n<td width=\"180\">Pontoriero, Roberto<\/td>\n<td width=\"120\">burtgc6<\/td>\n<\/tr>\n<tr>\n<td width=\"45\">3ro<\/td>\n<td width=\"390\">FUND DE LA ENZA Y APJE DEL INGL II<\/td>\n<td width=\"180\">Varela, Daniel<\/td>\n<td width=\"120\">k34mr4y<\/td>\n<\/tr>\n<tr>\n<td width=\"45\">3ro<\/td>\n<td width=\"390\">LIT. EN LENGUA INGLESA Y JUVENTUD<\/td>\n<td width=\"180\">Villafa\u00f1e, Sebasti\u00e1n<\/td>\n<td width=\"120\">pzhah3u<\/td>\n<\/tr>\n<tr>\n<td width=\"45\">3ro<\/td>\n<td width=\"390\">EST INTERCULT. EN LENG INGLESA III<\/td>\n<td width=\"180\">Villafa\u00f1e, Sebasti\u00e1n<\/td>\n<td width=\"120\">htqbtg7<\/td>\n<\/tr>\n<tr>\n<td width=\"45\">3ro<\/td>\n<td width=\"390\">C.F.P.P. III<\/td>\n<td width=\"180\">Mica Sandra<\/td>\n<td width=\"120\">hqq7kmk<\/td>\n<\/tr>\n<tr>\n<td width=\"45\">4to<\/td>\n<td width=\"390\">ESTUDIOS INTERCULTUR IV<\/td>\n<td width=\"180\">Ocampo Gustavo<\/td>\n<td width=\"120\">unbbcpr<\/td>\n<\/tr>\n<tr>\n<td width=\"45\">4to<\/td>\n<td width=\"390\">PR DISC DE LA CCI\u00d3N ESCR IV<\/td>\n<td width=\"180\">Fernando Piva<\/td>\n<td width=\"120\">sg4kdeu<\/td>\n<\/tr>\n<tr>\n<td width=\"45\">4to<\/td>\n<td width=\"390\">PR DISC DE LA CCI\u00d3N ORAL IV<\/td>\n<td width=\"180\">Rodriguez Pat.<\/td>\n<td width=\"120\">fq6ypmp<\/td>\n<\/tr>\n<tr>\n<td width=\"45\">4to<\/td>\n<td width=\"390\">FUND ENZA Y APJE III<\/td>\n<td width=\"180\">Rodr\u00edguez Leticia<\/td>\n<td width=\"120\">joylvel<\/td>\n<\/tr>\n<tr>\n<td width=\"45\">4to<\/td>\n<td width=\"390\">AN\u00c1LISIS E INTERVENCION<\/td>\n<td width=\"180\">Aguirre Luc\u00eda<\/td>\n<td width=\"120\">jh3ttfu<\/td>\n<\/tr>\n<tr>\n<td width=\"45\">4to<\/td>\n<td width=\"390\">TUTORIAS<\/td>\n<td width=\"180\">&nbsp;<\/td>\n<td width=\"120\">&nbsp;<\/td>\n<\/tr>\n<tr>\n<td width=\"45\">4to<\/td>\n<td width=\"390\">EDI<\/td>\n<td width=\"180\">&nbsp;<\/td>\n<td width=\"120\">&nbsp;<\/td>\n<\/tr>\n<tr>\n<td width=\"45\">4to<\/td>\n<td width=\"390\">ESPACIO DE LA PR\u00c1CTICA DOCENTE IV<\/td>\n<td width=\"180\">Lucchese<\/td>\n<td width=\"120\">47jc6lo<\/td>\n<\/tr>\n<tr>\n<td width=\"45\">4to<\/td>\n<td width=\"390\">TALLER DE REFLEXION<\/td>\n<td width=\"180\">Mica<\/td>\n<td width=\"120\">md45el4<\/td>\n<\/tr>\n<\/tbody>\n<\/table>\n<p>&nbsp;<\/p>\n","protected":false},"excerpt":{"rendered":"<p>PROFESORADO DE EDUCACI\u00d3N SECUNDARIA EN INGL\u00c9S Res. 1860\/17 . &nbsp; \u00a0 TURNO MA\u00d1ANA &nbsp; &nbsp; &nbsp; &nbsp; &nbsp; &nbsp; A\u00d1 ESPACIO DOCENTE C\u00d3DIGO &nbsp; CUFBA Molina, Adriana am4q6fk 1ro PEDAGOG\u00cdA Rodriguez, Anas v4g5ryo 1ro DID\u00c1CTICA GENERAL Ghelfi, Fernanda ajbbozc 1ro PROBLEM SOCIO-INSTITUC Videla Dicalbo znubxuo 1ro PRACT DISC DE LA CCI\u00d3N ORAL I Penide, Leticia &#8230; <a title=\"PCP Ingl\u00e9s\" class=\"read-more\" href=\"https:\/\/isfd42-bue.infd.edu.ar\/sitio\/pcp-ingles\/\" aria-label=\"More on PCP Ingl\u00e9s\">[+]<\/a><\/p>\n","protected":false},"author":610,"featured_media":0,"parent":0,"menu_order":0,"comment_status":"closed","ping_status":"closed","template":"","meta":[],"acf":[],"_links":{"self":[{"href":"https:\/\/isfd42-bue.infd.edu.ar\/sitio\/wp-json\/wp\/v2\/pages\/3620"}],"collection":[{"href":"https:\/\/isfd42-bue.infd.edu.ar\/sitio\/wp-json\/wp\/v2\/pages"}],"about":[{"href":"https:\/\/isfd42-bue.infd.edu.ar\/sitio\/wp-json\/wp\/v2\/types\/page"}],"author":[{"embeddable":true,"href":"https:\/\/isfd42-bue.infd.edu.ar\/sitio\/wp-json\/wp\/v2\/users\/610"}],"replies":[{"embeddable":true,"href":"https:\/\/isfd42-bue.infd.edu.ar\/sitio\/wp-json\/wp\/v2\/comments?post=3620"}],"version-history":[{"count":13,"href":"https:\/\/isfd42-bue.infd.edu.ar\/sitio\/wp-json\/wp\/v2\/pages\/3620\/revisions"}],"predecessor-version":[{"id":5423,"href":"https:\/\/isfd42-bue.infd.edu.ar\/sitio\/wp-json\/wp\/v2\/pages\/3620\/revisions\/5423"}],"wp:attachment":[{"href":"https:\/\/isfd42-bue.infd.edu.ar\/sitio\/wp-json\/wp\/v2\/media?parent=3620"}],"curies":[{"name":"wp","href":"https:\/\/api.w.org\/{rel}","templated":true}]}}