{"id":3471,"date":"2020-03-06T20:30:27","date_gmt":"2020-03-06T23:30:27","guid":{"rendered":"https:\/\/isfd42-bue.infd.edu.ar\/sitio\/?page_id=3471"},"modified":"2026-03-07T17:42:04","modified_gmt":"2026-03-07T20:42:04","slug":"horarios-prof-economia-tv","status":"publish","type":"page","link":"https:\/\/isfd42-bue.infd.edu.ar\/sitio\/horarios-prof-economia-tv\/","title":{"rendered":"Horarios Prof Econom\u00eda 2026"},"content":{"rendered":"\n<h2 class=\"wp-block-heading\">Hac\u00e9 click <mark style=\"background-color:rgba(0, 0, 0, 0)\" class=\"has-inline-color has-accent-color\"><a href=\"https:\/\/docs.google.com\/spreadsheets\/d\/13d4JUzH6Fa_MnqF-dt12o5LlB1Zj63t1\/edit?usp=sharing&amp;ouid=111145838983569461018&amp;rtpof=true&amp;sd=true\" target=\"_blank\" rel=\"noreferrer noopener\">AC\u00c1<\/a><\/mark> para ver el horario del Profesorado de Econom\u00eda<\/h2>\n","protected":false},"excerpt":{"rendered":"<p>Hac\u00e9 click AC\u00c1 para ver el horario del Profesorado de Econom\u00eda<\/p>\n","protected":false},"author":610,"featured_media":0,"parent":0,"menu_order":0,"comment_status":"closed","ping_status":"closed","template":"","meta":[],"acf":[],"_links":{"self":[{"href":"https:\/\/isfd42-bue.infd.edu.ar\/sitio\/wp-json\/wp\/v2\/pages\/3471"}],"collection":[{"href":"https:\/\/isfd42-bue.infd.edu.ar\/sitio\/wp-json\/wp\/v2\/pages"}],"about":[{"href":"https:\/\/isfd42-bue.infd.edu.ar\/sitio\/wp-json\/wp\/v2\/types\/page"}],"author":[{"embeddable":true,"href":"https:\/\/isfd42-bue.infd.edu.ar\/sitio\/wp-json\/wp\/v2\/users\/610"}],"replies":[{"embeddable":true,"href":"https:\/\/isfd42-bue.infd.edu.ar\/sitio\/wp-json\/wp\/v2\/comments?post=3471"}],"version-history":[{"count":13,"href":"https:\/\/isfd42-bue.infd.edu.ar\/sitio\/wp-json\/wp\/v2\/pages\/3471\/revisions"}],"predecessor-version":[{"id":8078,"href":"https:\/\/isfd42-bue.infd.edu.ar\/sitio\/wp-json\/wp\/v2\/pages\/3471\/revisions\/8078"}],"wp:attachment":[{"href":"https:\/\/isfd42-bue.infd.edu.ar\/sitio\/wp-json\/wp\/v2\/media?parent=3471"}],"curies":[{"name":"wp","href":"https:\/\/api.w.org\/{rel}","templated":true}]}}