{"id":3466,"date":"2020-03-06T20:25:00","date_gmt":"2020-03-06T23:25:00","guid":{"rendered":"https:\/\/isfd42-bue.infd.edu.ar\/sitio\/?page_id=3466"},"modified":"2026-03-07T17:43:25","modified_gmt":"2026-03-07T20:43:25","slug":"horarios-prof-psicologia-tv","status":"publish","type":"page","link":"https:\/\/isfd42-bue.infd.edu.ar\/sitio\/horarios-prof-psicologia-tv\/","title":{"rendered":"Horarios Prof Psicolog\u00eda 2026"},"content":{"rendered":"\n<h2 class=\"wp-block-heading\">Hac\u00e9 click <mark style=\"background-color:rgba(0, 0, 0, 0)\" class=\"has-inline-color has-accent-color\"><a href=\"https:\/\/docs.google.com\/spreadsheets\/d\/1U_3GP-VH1fZQkCx3fB5mAyk7cRyLizSj\/edit?usp=sharing&amp;ouid=111145838983569461018&amp;rtpof=true&amp;sd=true\" target=\"_blank\" rel=\"noreferrer noopener\">AC\u00c1<\/a><\/mark> para ver el horario del Profesorado de Psicolog\u00eda<\/h2>\n","protected":false},"excerpt":{"rendered":"<p>Hac\u00e9 click AC\u00c1 para ver el horario del Profesorado de Psicolog\u00eda<\/p>\n","protected":false},"author":610,"featured_media":0,"parent":0,"menu_order":0,"comment_status":"closed","ping_status":"closed","template":"","meta":[],"acf":[],"_links":{"self":[{"href":"https:\/\/isfd42-bue.infd.edu.ar\/sitio\/wp-json\/wp\/v2\/pages\/3466"}],"collection":[{"href":"https:\/\/isfd42-bue.infd.edu.ar\/sitio\/wp-json\/wp\/v2\/pages"}],"about":[{"href":"https:\/\/isfd42-bue.infd.edu.ar\/sitio\/wp-json\/wp\/v2\/types\/page"}],"author":[{"embeddable":true,"href":"https:\/\/isfd42-bue.infd.edu.ar\/sitio\/wp-json\/wp\/v2\/users\/610"}],"replies":[{"embeddable":true,"href":"https:\/\/isfd42-bue.infd.edu.ar\/sitio\/wp-json\/wp\/v2\/comments?post=3466"}],"version-history":[{"count":10,"href":"https:\/\/isfd42-bue.infd.edu.ar\/sitio\/wp-json\/wp\/v2\/pages\/3466\/revisions"}],"predecessor-version":[{"id":8081,"href":"https:\/\/isfd42-bue.infd.edu.ar\/sitio\/wp-json\/wp\/v2\/pages\/3466\/revisions\/8081"}],"wp:attachment":[{"href":"https:\/\/isfd42-bue.infd.edu.ar\/sitio\/wp-json\/wp\/v2\/media?parent=3466"}],"curies":[{"name":"wp","href":"https:\/\/api.w.org\/{rel}","templated":true}]}}