{"id":3342,"date":"2020-02-28T19:19:01","date_gmt":"2020-02-28T22:19:01","guid":{"rendered":"https:\/\/isfd42-bue.infd.edu.ar\/sitio\/?page_id=3342"},"modified":"2020-07-13T19:31:26","modified_gmt":"2020-07-13T22:31:26","slug":"concursos-docentes","status":"publish","type":"page","link":"https:\/\/isfd42-bue.infd.edu.ar\/sitio\/concursos-docentes\/","title":{"rendered":"Concursos Docentes"},"content":{"rendered":"<h5><img decoding=\"async\" loading=\"lazy\" class=\"wp-image-3379 aligncenter\" style=\"font-size: 16px;\" src=\"https:\/\/isfd42-bue.infd.edu.ar\/sitio\/wp-content\/uploads\/2020\/02\/CONCURSOS-DOCENTES-1000x328.jpg\" alt=\"\" width=\"649\" height=\"212\" \/><\/h5>\n<p>&nbsp;<\/p>\n<p><strong>Estimados\/as Docentes:<\/strong><\/p>\n<p>Considerando la Resoluci\u00f3n 1161\/2020, que propone la modificaci\u00f3n del Anexo I de la Resoluci\u00f3n 5886\/03 en la que se establece el mecanismo de selecci\u00f3n por evaluaci\u00f3n de t\u00edtulos, antecedentes y oposici\u00f3n para la cobertura de m\u00f3dulos u horas provisionales en los Institutos de Nivel Superior, informamos que el pr\u00f3ximo MI\u00c9RCOLES 15 DE JULIO entre las 08 hs y las 22 hs., procederemos a completar el <strong>d\u00eda de inscripci\u00f3n pendiente<\/strong> correspondiente a los concursos que se detallan a continuaci\u00f3n.<\/p>\n<p>Solicitamos enviar el <strong>proyecto en formato PDF<\/strong>, el <strong>Anexo III<\/strong> y la <strong>DDJJ <\/strong>\u00a0a la direcci\u00f3n <strong><a href=\"mailto:concurso.isfd42@gmail.com\">concurso.isfd42@gmail.com<\/a> , <\/strong>detallando en el asunto ESPACIO CURRICULAR \u2013 CARRERA- APELLIDO, NOMBRE\u00a0 La inscripci\u00f3n quedar\u00e1 cerrada a las 22 hs. del d\u00eda mi\u00e9rcoles. Las convocatorias completas se encuentran disponibles en la p\u00e1gina de la Secretar\u00eda de Asuntos Docentes <a href=\"https:\/\/sad-san-miguel.webnode.es\/\">https:\/\/sad-san-miguel.webnode.es\/<\/a><\/p>\n<p><img decoding=\"async\" loading=\"lazy\" class=\"alignnone size-medium wp-image-4427\" src=\"https:\/\/isfd42-bue.infd.edu.ar\/sitio\/wp-content\/uploads\/2020\/07\/concurso1-1000x570.png\" alt=\"\" width=\"1000\" height=\"570\" \/><\/p>\n<p>&nbsp;<\/p>\n<p><img decoding=\"async\" loading=\"lazy\" class=\"alignnone size-medium wp-image-4428\" src=\"https:\/\/isfd42-bue.infd.edu.ar\/sitio\/wp-content\/uploads\/2020\/07\/concurso2-1000x342.png\" alt=\"\" width=\"1000\" height=\"342\" \/><\/p>\n<p>&nbsp;<\/p>\n<p>De la misma manera, el pr\u00f3ximo MI\u00c9RCOLES 15, JUEVES 16 y VIERNES 17 DE JULIO entre las 08 y las 22 hs, \u00a0procederemos a completar los <strong>3 (tres) d\u00edas de inscripci\u00f3n pendientes<\/strong> correspondientes a los concursos que se detallan a continuaci\u00f3n. Solicitamos enviar el <strong>proyecto en formato PDF<\/strong>, el <strong>Anexo III<\/strong> y la <strong>DDJJ <\/strong>\u00a0a la direcci\u00f3n <strong><a href=\"mailto:concurso.isfd42@gmail.com\">concurso.isfd42@gmail.com<\/a>\u00a0 <\/strong>detallando en el asunto ESPACIO CURRICULAR \u2013 CARRERA- APELLIDO, NOMBRE\u00a0 La inscripci\u00f3n quedar\u00e1 cerrada a las 22 hs. del d\u00eda viernes. Las convocatorias completas se encuentran disponibles en la p\u00e1gina de la Secretar\u00eda de Asuntos Docentes <a href=\"https:\/\/sad-san-miguel.webnode.es\/\">https:\/\/sad-san-miguel.webnode.es\/<\/a><\/p>\n<p><img decoding=\"async\" loading=\"lazy\" class=\"alignnone wp-image-4429\" src=\"https:\/\/isfd42-bue.infd.edu.ar\/sitio\/wp-content\/uploads\/2020\/07\/concurso3-1000x302.png\" alt=\"\" width=\"1051\" height=\"317\" \/><\/p>\n","protected":false},"excerpt":{"rendered":"<p>&nbsp; Estimados\/as Docentes: Considerando la Resoluci\u00f3n 1161\/2020, que propone la modificaci\u00f3n del Anexo I de la Resoluci\u00f3n 5886\/03 en la que se establece el mecanismo de selecci\u00f3n por evaluaci\u00f3n de t\u00edtulos, antecedentes y oposici\u00f3n para la cobertura de m\u00f3dulos u horas provisionales en los Institutos de Nivel Superior, informamos que el pr\u00f3ximo MI\u00c9RCOLES 15 DE &#8230; <a title=\"Concursos Docentes\" class=\"read-more\" href=\"https:\/\/isfd42-bue.infd.edu.ar\/sitio\/concursos-docentes\/\" aria-label=\"More on Concursos Docentes\">[+]<\/a><\/p>\n","protected":false},"author":610,"featured_media":0,"parent":0,"menu_order":0,"comment_status":"closed","ping_status":"closed","template":"","meta":[],"acf":[],"_links":{"self":[{"href":"https:\/\/isfd42-bue.infd.edu.ar\/sitio\/wp-json\/wp\/v2\/pages\/3342"}],"collection":[{"href":"https:\/\/isfd42-bue.infd.edu.ar\/sitio\/wp-json\/wp\/v2\/pages"}],"about":[{"href":"https:\/\/isfd42-bue.infd.edu.ar\/sitio\/wp-json\/wp\/v2\/types\/page"}],"author":[{"embeddable":true,"href":"https:\/\/isfd42-bue.infd.edu.ar\/sitio\/wp-json\/wp\/v2\/users\/610"}],"replies":[{"embeddable":true,"href":"https:\/\/isfd42-bue.infd.edu.ar\/sitio\/wp-json\/wp\/v2\/comments?post=3342"}],"version-history":[{"count":20,"href":"https:\/\/isfd42-bue.infd.edu.ar\/sitio\/wp-json\/wp\/v2\/pages\/3342\/revisions"}],"predecessor-version":[{"id":5728,"href":"https:\/\/isfd42-bue.infd.edu.ar\/sitio\/wp-json\/wp\/v2\/pages\/3342\/revisions\/5728"}],"wp:attachment":[{"href":"https:\/\/isfd42-bue.infd.edu.ar\/sitio\/wp-json\/wp\/v2\/media?parent=3342"}],"curies":[{"name":"wp","href":"https:\/\/api.w.org\/{rel}","templated":true}]}}