{"id":2995,"date":"2019-07-05T19:57:03","date_gmt":"2019-07-05T22:57:03","guid":{"rendered":"https:\/\/isfd42-bue.infd.edu.ar\/sitio\/?page_id=2995"},"modified":"2019-07-05T19:59:03","modified_gmt":"2019-07-05T22:59:03","slug":"horarios-fon","status":"publish","type":"page","link":"https:\/\/isfd42-bue.infd.edu.ar\/sitio\/horarios-fon\/","title":{"rendered":"Horarios."},"content":{"rendered":"<p>&nbsp;<\/p>\n<p><img decoding=\"async\" src=\"https:\/\/isfd42-bue.infd.edu.ar\/sitio\/wp-content\/uploads\/2018\/06\/Apto_fono.jpg\" \/><\/p>\n<p>&nbsp;<\/p>\n<table width=\"758\">\n<tbody>\n<tr>\n<td style=\"text-align: center;\" width=\"390\"><strong>Fonoaudi\u00f3loga<\/strong>: Diaz Lacoste Mar\u00eda Paula<\/td>\n<td style=\"text-align: center;\" width=\"368\"><strong>Fonoaudi\u00f3loga<\/strong>: Gago Georgina<\/td>\n<\/tr>\n<tr>\n<td><strong>Sede San Miguel (TV):\u00a0<\/strong>Lunes y mi\u00e9rcoles de 18:00 a 22:00 hs<strong>Sede Bella Vista (TV) :\u00a0<\/strong>Martes y jueves 18:00 a 22:00 hs.<\/p>\n<p><strong>Sede Bella Vista (TM) :<\/strong>Martes 08:00 a 12:00 hs.<\/p>\n<p><strong>Sede Bella Vista (TM) :<\/strong>Jueves 10:00 a 12:00 hs.<\/td>\n<td><strong>Sede Bella Vista (TM) :\u00a0<\/strong>Jueves 08:00 a 12:00 hs.<\/p>\n<p>&nbsp;<\/td>\n<\/tr>\n<\/tbody>\n<\/table>\n<p>&nbsp;<\/p>\n","protected":false},"excerpt":{"rendered":"<p>&nbsp; &nbsp; Fonoaudi\u00f3loga: Diaz Lacoste Mar\u00eda Paula Fonoaudi\u00f3loga: Gago Georgina Sede San Miguel (TV):\u00a0Lunes y mi\u00e9rcoles de 18:00 a 22:00 hsSede Bella Vista (TV) :\u00a0Martes y jueves 18:00 a 22:00 hs. Sede Bella Vista (TM) :Martes 08:00 a 12:00 hs. Sede Bella Vista (TM) :Jueves 10:00 a 12:00 hs. Sede Bella Vista (TM) :\u00a0Jueves 08:00 &#8230; <a title=\"Horarios.\" class=\"read-more\" href=\"https:\/\/isfd42-bue.infd.edu.ar\/sitio\/horarios-fon\/\" aria-label=\"More on Horarios.\">[+]<\/a><\/p>\n","protected":false},"author":610,"featured_media":0,"parent":0,"menu_order":0,"comment_status":"closed","ping_status":"closed","template":"","meta":[],"acf":[],"_links":{"self":[{"href":"https:\/\/isfd42-bue.infd.edu.ar\/sitio\/wp-json\/wp\/v2\/pages\/2995"}],"collection":[{"href":"https:\/\/isfd42-bue.infd.edu.ar\/sitio\/wp-json\/wp\/v2\/pages"}],"about":[{"href":"https:\/\/isfd42-bue.infd.edu.ar\/sitio\/wp-json\/wp\/v2\/types\/page"}],"author":[{"embeddable":true,"href":"https:\/\/isfd42-bue.infd.edu.ar\/sitio\/wp-json\/wp\/v2\/users\/610"}],"replies":[{"embeddable":true,"href":"https:\/\/isfd42-bue.infd.edu.ar\/sitio\/wp-json\/wp\/v2\/comments?post=2995"}],"version-history":[{"count":2,"href":"https:\/\/isfd42-bue.infd.edu.ar\/sitio\/wp-json\/wp\/v2\/pages\/2995\/revisions"}],"predecessor-version":[{"id":2997,"href":"https:\/\/isfd42-bue.infd.edu.ar\/sitio\/wp-json\/wp\/v2\/pages\/2995\/revisions\/2997"}],"wp:attachment":[{"href":"https:\/\/isfd42-bue.infd.edu.ar\/sitio\/wp-json\/wp\/v2\/media?parent=2995"}],"curies":[{"name":"wp","href":"https:\/\/api.w.org\/{rel}","templated":true}]}}