{"id":2976,"date":"2019-07-03T20:26:13","date_gmt":"2019-07-03T23:26:13","guid":{"rendered":"https:\/\/isfd42-bue.infd.edu.ar\/sitio\/?page_id=2976"},"modified":"2019-07-18T21:23:06","modified_gmt":"2019-07-19T00:23:06","slug":"fonoaudiologa","status":"publish","type":"page","link":"https:\/\/isfd42-bue.infd.edu.ar\/sitio\/fonoaudiologa\/","title":{"rendered":"Fonoaudiolog\u00eda"},"content":{"rendered":"<p><img decoding=\"async\" loading=\"lazy\" class=\" wp-image-829 aligncenter\" src=\"https:\/\/isfd42-bue.infd.edu.ar\/sitio\/wp-content\/uploads\/2018\/06\/Apto_fono.jpg\" alt=\"\" width=\"1106\" height=\"269\" \/><\/p>\n<h2><b>Tramitaci\u00f3n de<\/b><strong>\u00a0la aptitud fonoaudiol\u00f3gica<\/strong><\/h2>\n<p>Esta evaluaci\u00f3n se realizar\u00e1 en el Instituto.<\/p>\n<p>Para acceder a la entrevista con la Fonoaudi\u00f3loga deber\u00e1 completar la \u00abInscripci\u00f3n On line\u00bb.<\/p>\n<p>Los estudiantes una vez inscriptos, el \u00e1rea de fonoaudiolog\u00eda se comunicar\u00e1 mediante e-mail para citarlos seg\u00fan un an\u00e1lisis de situaci\u00f3n acad\u00e9mica particular de cada alumno, seg\u00fan el detalle volcado en el formulario de inscripci\u00f3n.<\/p>\n<h2 style=\"text-align: center;\"><strong>SELECCIONE SU OPCI\u00d3N\u00a0<\/strong><\/h2>\n<p><a href=\"https:\/\/isfd42-bue.infd.edu.ar\/sitio\/horarios-fon\/\"><img decoding=\"async\" loading=\"lazy\" class=\"aligncenter wp-image-2999\" src=\"https:\/\/isfd42-bue.infd.edu.ar\/sitio\/wp-content\/uploads\/2019\/07\/Horrario-1000x353.png\" alt=\"\" width=\"257\" height=\"91\" \/><\/a><\/p>\n<p><img decoding=\"async\" loading=\"lazy\" class=\" wp-image-3009 aligncenter\" src=\"https:\/\/isfd42-bue.infd.edu.ar\/sitio\/wp-content\/uploads\/2019\/07\/iNSCRIPCION-fONO-1000x330.png\" alt=\"\" width=\"265\" height=\"87\" \/><\/p>\n","protected":false},"excerpt":{"rendered":"<p>Tramitaci\u00f3n de\u00a0la aptitud fonoaudiol\u00f3gica Esta evaluaci\u00f3n se realizar\u00e1 en el Instituto. Para acceder a la entrevista con la Fonoaudi\u00f3loga deber\u00e1 completar la \u00abInscripci\u00f3n On line\u00bb. Los estudiantes una vez inscriptos, el \u00e1rea de fonoaudiolog\u00eda se comunicar\u00e1 mediante e-mail para citarlos seg\u00fan un an\u00e1lisis de situaci\u00f3n acad\u00e9mica particular de cada alumno, seg\u00fan el detalle volcado en &#8230; <a title=\"Fonoaudiolog\u00eda\" class=\"read-more\" href=\"https:\/\/isfd42-bue.infd.edu.ar\/sitio\/fonoaudiologa\/\" aria-label=\"More on Fonoaudiolog\u00eda\">[+]<\/a><\/p>\n","protected":false},"author":610,"featured_media":0,"parent":0,"menu_order":0,"comment_status":"closed","ping_status":"closed","template":"","meta":[],"acf":[],"_links":{"self":[{"href":"https:\/\/isfd42-bue.infd.edu.ar\/sitio\/wp-json\/wp\/v2\/pages\/2976"}],"collection":[{"href":"https:\/\/isfd42-bue.infd.edu.ar\/sitio\/wp-json\/wp\/v2\/pages"}],"about":[{"href":"https:\/\/isfd42-bue.infd.edu.ar\/sitio\/wp-json\/wp\/v2\/types\/page"}],"author":[{"embeddable":true,"href":"https:\/\/isfd42-bue.infd.edu.ar\/sitio\/wp-json\/wp\/v2\/users\/610"}],"replies":[{"embeddable":true,"href":"https:\/\/isfd42-bue.infd.edu.ar\/sitio\/wp-json\/wp\/v2\/comments?post=2976"}],"version-history":[{"count":11,"href":"https:\/\/isfd42-bue.infd.edu.ar\/sitio\/wp-json\/wp\/v2\/pages\/2976\/revisions"}],"predecessor-version":[{"id":3012,"href":"https:\/\/isfd42-bue.infd.edu.ar\/sitio\/wp-json\/wp\/v2\/pages\/2976\/revisions\/3012"}],"wp:attachment":[{"href":"https:\/\/isfd42-bue.infd.edu.ar\/sitio\/wp-json\/wp\/v2\/media?parent=2976"}],"curies":[{"name":"wp","href":"https:\/\/api.w.org\/{rel}","templated":true}]}}