{"id":2776,"date":"2019-03-29T20:11:00","date_gmt":"2019-03-29T23:11:00","guid":{"rendered":"https:\/\/isfd42-bue.infd.edu.ar\/sitio\/?page_id=2776"},"modified":"2026-03-07T17:40:35","modified_gmt":"2026-03-07T20:40:35","slug":"horarios-prof-ingles-tm","status":"publish","type":"page","link":"https:\/\/isfd42-bue.infd.edu.ar\/sitio\/horarios-prof-ingles-tm\/","title":{"rendered":"Horarios Prof. Ingl\u00e9s TM 2026"},"content":{"rendered":"\n<h2 class=\"wp-block-heading\">Hac\u00e9 click <mark style=\"background-color:rgba(0, 0, 0, 0)\" class=\"has-inline-color has-accent-color\"><a href=\"https:\/\/docs.google.com\/spreadsheets\/d\/1b5pdxqow1ofx6WiRI96leJXZ0TZpKcFl\/edit?usp=sharing&amp;ouid=111145838983569461018&amp;rtpof=true&amp;sd=true\" target=\"_blank\" rel=\"noreferrer noopener\">AC\u00c1<\/a><\/mark> para ver el horario del Profesorado de Ingl\u00e9s TM<\/h2>\n","protected":false},"excerpt":{"rendered":"<p>Hac\u00e9 click AC\u00c1 para ver el horario del Profesorado de Ingl\u00e9s TM<\/p>\n","protected":false},"author":610,"featured_media":0,"parent":0,"menu_order":0,"comment_status":"closed","ping_status":"closed","template":"","meta":[],"acf":[],"_links":{"self":[{"href":"https:\/\/isfd42-bue.infd.edu.ar\/sitio\/wp-json\/wp\/v2\/pages\/2776"}],"collection":[{"href":"https:\/\/isfd42-bue.infd.edu.ar\/sitio\/wp-json\/wp\/v2\/pages"}],"about":[{"href":"https:\/\/isfd42-bue.infd.edu.ar\/sitio\/wp-json\/wp\/v2\/types\/page"}],"author":[{"embeddable":true,"href":"https:\/\/isfd42-bue.infd.edu.ar\/sitio\/wp-json\/wp\/v2\/users\/610"}],"replies":[{"embeddable":true,"href":"https:\/\/isfd42-bue.infd.edu.ar\/sitio\/wp-json\/wp\/v2\/comments?post=2776"}],"version-history":[{"count":12,"href":"https:\/\/isfd42-bue.infd.edu.ar\/sitio\/wp-json\/wp\/v2\/pages\/2776\/revisions"}],"predecessor-version":[{"id":8074,"href":"https:\/\/isfd42-bue.infd.edu.ar\/sitio\/wp-json\/wp\/v2\/pages\/2776\/revisions\/8074"}],"wp:attachment":[{"href":"https:\/\/isfd42-bue.infd.edu.ar\/sitio\/wp-json\/wp\/v2\/media?parent=2776"}],"curies":[{"name":"wp","href":"https:\/\/api.w.org\/{rel}","templated":true}]}}