{"id":1176,"date":"2018-06-29T17:34:10","date_gmt":"2018-06-29T20:34:10","guid":{"rendered":"https:\/\/isfd42-bue.infd.edu.ar\/sitio\/equivalencias-2\/"},"modified":"2025-10-24T10:23:15","modified_gmt":"2025-10-24T13:23:15","slug":"equivalencias-2","status":"publish","type":"page","link":"https:\/\/isfd42-bue.infd.edu.ar\/sitio\/equivalencias-2\/","title":{"rendered":"Equivalencias"},"content":{"rendered":"<h3 style=\"text-align: center;\"><strong><u>EQUIVALENCIAS 2026<\/u><\/strong><\/h3>\n<p><strong><u>Presentaci\u00f3n de Equivalencias<\/u><\/strong><\/p>\n<p>Un\/a estudiante podr\u00e1 pedir equivalencias de una determinada materia cuando hubiera aprobado estudios de contenidos similares o equivalentes (<strong>finales aprobados<\/strong>, no cursadas parciales), realizados en el mismo Instituto, en otra Instituci\u00f3n de Nivel Superior (oficial o privada debidamente reconocida), o en una universidad.<\/p>\n<p>Tal como lo establece el \u00edtem 8.10 del Anexo 1 del nuevo RAM (Resoluci\u00f3n 4196\/24), las unidades curriculares acreditadas no pierden vigencia, por lo tanto, se pueden pedir equivalencias sin tener en cuenta la fecha en la que se aprob\u00f3 el examen final.<\/p>\n<p><strong>Per\u00edodo de recepci\u00f3n de solicitudes<\/strong>: 16\/02\/2026 al 30\/04\/2026<\/p>\n<p><strong>Equivalencia autom\u00e1tica<\/strong><\/p>\n<p>Se otorgar\u00e1 equivalencia autom\u00e1tica cuando se trate de unidades curriculares con la misma denominaci\u00f3n y contenidos en los planes de estudio de las carreras vigentes en la jurisdicci\u00f3n.<\/p>\n<p>Pautas para solicitud y acreditaci\u00f3n de unidades curriculares por <strong>Equivalencia Autom\u00e1tica<\/strong>:<\/p>\n<ul>\n<li>Solicitar la equivalencia mediante los formularios <strong><a href=\"http:\/\/servicios.abc.gov.ar\/lainstitucion\/sistemaeducativo\/educsuperiorycapeducativa\/procedimientos\/equivalenciaresumen.pdf\" target=\"_blank\" rel=\"noopener\">A14<\/a><\/strong> y <strong><a href=\"http:\/\/servicios.abc.gov.ar\/lainstitucion\/sistemaeducativo\/educsuperiorycapeducativa\/procedimientos\/equivalencia_asignatura.pdf\" target=\"_blank\" rel=\"noopener\">A14a<\/a><\/strong> hasta el 30\/04\/26<\/li>\n<li>Acompa\u00f1ar la solicitud con el certificado anal\u00edtico de estudios realizados. (<strong>No es necesario para estudiantes del ISFD N\u00b0 42<\/strong>)<\/li>\n<li>Cursar la unidad curricular cuya acreditaci\u00f3n se solicita por equivalencia, hasta tanto se le confirme fehacientemente que se le otorg\u00f3 lo pedido.<\/li>\n<\/ul>\n<p><strong>Equivalencia total o parcial<\/strong><\/p>\n<p>Documentaci\u00f3n a entregar al preceptor\/a de la carrera en la sede y turno correspondiente.<\/p>\n<ul>\n<li>Un \u00fanico ejemplar del\u00a0\u00a0<strong><a href=\"http:\/\/servicios.abc.gov.ar\/lainstitucion\/sistemaeducativo\/educsuperiorycapeducativa\/procedimientos\/equivalenciaresumen.pdf\">Formulario A14 <\/a><\/strong>(<strong>Solicitud de equivalencia, resumen<\/strong>)<\/li>\n<li>Un\u00a0\u00a0<strong><a href=\"http:\/\/servicios.abc.gov.ar\/lainstitucion\/sistemaeducativo\/educsuperiorycapeducativa\/procedimientos\/equivalencia_asignatura.pdf\">Formulario A14a<\/a> <\/strong>por cada equivalencia solicitada <strong>\u00a0(Solicitud de equivalencia, por asignatura)<\/strong>. Cada formulario debe ir acompa\u00f1ado del <strong>programa de la materia<\/strong> en el que conste carga horaria, contenidos y bibliograf\u00eda. Dicho programa deber\u00e1 estar debidamente certificado, es decir, debe estar foliado, firmado y sellado por la instituci\u00f3n donde se curs\u00f3 y acredit\u00f3.<\/li>\n<li><strong>Certificado anal\u00edtico de estudios realizados <\/strong>donde conste fecha de acreditaci\u00f3n, calificaci\u00f3n, firma y sello de la instituci\u00f3n.<\/li>\n<\/ul>\n<p>Aclaraci\u00f3n: La\/el estudiante deber\u00e1 cursar la unidad curricular cuya acreditaci\u00f3n se solicita por equivalencia, hasta tanto se le confirme fehacientemente que se le otorg\u00f3 lo pedido.<\/p>\n<p>Es posible solicitar equivalencias para unidades curriculares que van \u00a0de 1\u00b0 a 4\u00b0 a\u00f1o en un mismo pedido. Sin embargo, las mismas impactan en el porcentaje de materias a\u00f1o a a\u00f1o.<\/p>\n","protected":false},"excerpt":{"rendered":"<p>EQUIVALENCIAS 2026 Presentaci\u00f3n de Equivalencias Un\/a estudiante podr\u00e1 pedir equivalencias de una determinada materia cuando hubiera aprobado estudios de contenidos similares o equivalentes (finales aprobados, no cursadas parciales), realizados en el mismo Instituto, en otra Instituci\u00f3n de Nivel Superior (oficial o privada debidamente reconocida), o en una universidad. Tal como lo establece el \u00edtem 8.10 &#8230; <a title=\"Equivalencias\" class=\"read-more\" href=\"https:\/\/isfd42-bue.infd.edu.ar\/sitio\/equivalencias-2\/\" aria-label=\"More on Equivalencias\">[+]<\/a><\/p>\n","protected":false},"author":610,"featured_media":0,"parent":0,"menu_order":0,"comment_status":"closed","ping_status":"closed","template":"","meta":[],"acf":[],"_links":{"self":[{"href":"https:\/\/isfd42-bue.infd.edu.ar\/sitio\/wp-json\/wp\/v2\/pages\/1176"}],"collection":[{"href":"https:\/\/isfd42-bue.infd.edu.ar\/sitio\/wp-json\/wp\/v2\/pages"}],"about":[{"href":"https:\/\/isfd42-bue.infd.edu.ar\/sitio\/wp-json\/wp\/v2\/types\/page"}],"author":[{"embeddable":true,"href":"https:\/\/isfd42-bue.infd.edu.ar\/sitio\/wp-json\/wp\/v2\/users\/610"}],"replies":[{"embeddable":true,"href":"https:\/\/isfd42-bue.infd.edu.ar\/sitio\/wp-json\/wp\/v2\/comments?post=1176"}],"version-history":[{"count":10,"href":"https:\/\/isfd42-bue.infd.edu.ar\/sitio\/wp-json\/wp\/v2\/pages\/1176\/revisions"}],"predecessor-version":[{"id":7890,"href":"https:\/\/isfd42-bue.infd.edu.ar\/sitio\/wp-json\/wp\/v2\/pages\/1176\/revisions\/7890"}],"wp:attachment":[{"href":"https:\/\/isfd42-bue.infd.edu.ar\/sitio\/wp-json\/wp\/v2\/media?parent=1176"}],"curies":[{"name":"wp","href":"https:\/\/api.w.org\/{rel}","templated":true}]}}