{"id":1097,"date":"2018-06-29T17:33:35","date_gmt":"2018-06-29T20:33:35","guid":{"rendered":"https:\/\/isfd42-bue.infd.edu.ar\/sitio\/historia\/"},"modified":"2024-12-18T11:04:37","modified_gmt":"2024-12-18T14:04:37","slug":"historia","status":"publish","type":"page","link":"https:\/\/isfd42-bue.infd.edu.ar\/sitio\/historia\/","title":{"rendered":"Historia"},"content":{"rendered":"<p style=\"text-align: justify;\"><span style=\"font-size: 14pt; color: #444444; font-family: 'comic sans ms', sans-serif;\">El INSTITUTO SUPERIOR DE FORMACION DOCENTE Y TECNICA N\u00ba 42 tiene sus or\u00edgenes en el a\u00f1o 1974 donde la localidad de San Miguel pujante y extensa con infinidad de necesidades de todo tipo y entre ellas educativas y culturales crean la posibilidad de gestionar la creaci\u00f3n de un Inst. Superior Provincial del profesorado de Ciencias Econ\u00f3micas respondiendo a una demanda de la regi\u00f3n por no contar esta zona con centros de formaci\u00f3n terciaria Pasaron durante m\u00e1s de 30 a\u00f1os distintas carreras <\/span><\/p>\n<p class=\"MsoNormal\" style=\"margin: 0cm 0cm 0pt; line-height: normal; text-align: justify;\"><span style=\"font-size: 14pt; color: #444444; font-family: 'comic sans ms', sans-serif;\">Magisterio Normal Superior, Magisterio de educaci\u00f3n de adultos, y profesorado en psicopedagog\u00eda, magisterio de educaci\u00f3n inicial y carrera de Bibliotecolog\u00eda<\/span><\/p>\n<p class=\"MsoNormal\" style=\"margin: 0cm 0cm 0pt; line-height: normal; text-align: justify;\"><span style=\"font-size: 14pt; color: #444444; font-family: 'comic sans ms', sans-serif;\">&nbsp;&nbsp;&nbsp;&nbsp;&nbsp;&nbsp;&nbsp;&nbsp;&nbsp;&nbsp;&nbsp;&nbsp;&nbsp;&nbsp;&nbsp;&nbsp;&nbsp;&nbsp;&nbsp;&nbsp;&nbsp;&nbsp;&nbsp;&nbsp;&nbsp;&nbsp;&nbsp;&nbsp;&nbsp;&nbsp;&nbsp;&nbsp;&nbsp;&nbsp;&nbsp;&nbsp;&nbsp;&nbsp;&nbsp;&nbsp;&nbsp;&nbsp;&nbsp;&nbsp;<\/span><\/p>\n<p class=\"MsoNormal\" style=\"margin: 0cm 0cm 0pt; line-height: normal; text-align: justify;\"><span style=\"font-size: 14pt; color: #444444; font-family: 'comic sans ms', sans-serif;\">En 1983 se logra el edificio propio sito en Sordeaux y Munzon Bella Vista&nbsp; con tres turnos ma\u00f1ana tarde y vespertino. Con el avance de los cambios en los planes de estudio surge nuevamente reestructurar las carreras de Formaci\u00f3n Docente y t\u00e9cnica quedando en la actualidad un Instituto <span style=\"mso-spacerun: yes;\">&nbsp;<\/span>de nivel superior con 10 carreras de 4 a\u00f1os de duraci\u00f3n dependientes de la Direcci\u00f3n de Educaci\u00f3n Superior de la Provincia de Bs As <\/span><\/p>\n<p class=\"MsoNormal\" style=\"margin: 0cm 0cm 0pt; line-height: normal; text-align: justify;\">&nbsp;<\/p>\n<p class=\"MsoNormal\" style=\"margin: 0cm 0cm 0pt; line-height: normal; text-align: justify;\"><span style=\"font-size: 14pt; color: #444444; font-family: 'comic sans ms', sans-serif;\">En el a\u00f1o 1994 se gestiona el nombre para este establecimiento siendo seleccionado el del escritor y docente <a href=\"http:\/\/es.wikipedia.org\/wiki\/Leopoldo_Marechal\">Leopoldo Marechal <\/a><\/span><\/p>\n<p>&nbsp;<\/p>\n","protected":false},"excerpt":{"rendered":"<p>El INSTITUTO SUPERIOR DE FORMACION DOCENTE Y TECNICA N\u00ba 42 tiene sus or\u00edgenes en el a\u00f1o 1974 donde la localidad de San Miguel pujante y extensa con infinidad de necesidades de todo tipo y entre ellas educativas y culturales crean la posibilidad de gestionar la creaci\u00f3n de un Inst. Superior Provincial del profesorado de Ciencias &#8230; <a title=\"Historia\" class=\"read-more\" href=\"https:\/\/isfd42-bue.infd.edu.ar\/sitio\/historia\/\" aria-label=\"More on Historia\">[+]<\/a><\/p>\n","protected":false},"author":610,"featured_media":0,"parent":0,"menu_order":0,"comment_status":"closed","ping_status":"closed","template":"","meta":[],"acf":[],"_links":{"self":[{"href":"https:\/\/isfd42-bue.infd.edu.ar\/sitio\/wp-json\/wp\/v2\/pages\/1097"}],"collection":[{"href":"https:\/\/isfd42-bue.infd.edu.ar\/sitio\/wp-json\/wp\/v2\/pages"}],"about":[{"href":"https:\/\/isfd42-bue.infd.edu.ar\/sitio\/wp-json\/wp\/v2\/types\/page"}],"author":[{"embeddable":true,"href":"https:\/\/isfd42-bue.infd.edu.ar\/sitio\/wp-json\/wp\/v2\/users\/610"}],"replies":[{"embeddable":true,"href":"https:\/\/isfd42-bue.infd.edu.ar\/sitio\/wp-json\/wp\/v2\/comments?post=1097"}],"version-history":[{"count":2,"href":"https:\/\/isfd42-bue.infd.edu.ar\/sitio\/wp-json\/wp\/v2\/pages\/1097\/revisions"}],"predecessor-version":[{"id":7601,"href":"https:\/\/isfd42-bue.infd.edu.ar\/sitio\/wp-json\/wp\/v2\/pages\/1097\/revisions\/7601"}],"wp:attachment":[{"href":"https:\/\/isfd42-bue.infd.edu.ar\/sitio\/wp-json\/wp\/v2\/media?parent=1097"}],"curies":[{"name":"wp","href":"https:\/\/api.w.org\/{rel}","templated":true}]}}